{"id":177,"date":"2024-08-11T21:56:09","date_gmt":"2024-08-11T21:56:09","guid":{"rendered":"https:\/\/camparimx.com\/coctelesdelobos?page_id=177"},"modified":"2025-10-08T23:18:39","modified_gmt":"2025-10-08T23:18:39","slug":"dinamica","status":"publish","type":"page","link":"https:\/\/camparimx.com\/coctelesdelobos\/","title":{"rendered":"Dinamica"},"content":{"rendered":"\t\t<div data-elementor-type=\"wp-page\" data-elementor-id=\"177\" class=\"elementor elementor-177\" data-elementor-post-type=\"page\">\n\t\t\t\t<div class=\"elementor-element elementor-element-1cc5cbf e-flex e-con-boxed e-con e-parent\" data-id=\"1cc5cbf\" data-element_type=\"container\">\n\t\t\t\t\t<div class=\"e-con-inner\">\n\t\t<div class=\"elementor-element elementor-element-f813e2d e-con-full e-flex e-con e-child\" data-id=\"f813e2d\" data-element_type=\"container\">\n\t\t\t\t<div class=\"elementor-element elementor-element-933fc87 animated-slow elementor-hidden-desktop elementor-invisible elementor-widget elementor-widget-image\" data-id=\"933fc87\" data-element_type=\"widget\" data-settings=\"{&quot;_animation&quot;:&quot;fadeInUp&quot;,&quot;_animation_delay&quot;:1}\" data-widget_type=\"image.default\">\n\t\t\t\t<div class=\"elementor-widget-container\">\n\t\t\t\t\t\t\t\t\t\t\t\t\t\t\t<img fetchpriority=\"high\" decoding=\"async\" width=\"800\" height=\"627\" src=\"https:\/\/camparimx.com\/coctelesdelobos\/wp-content\/uploads\/2025\/10\/CDL-LOGO-fotor-20250718114558.png\" class=\"attachment-large size-large wp-image-1723\" alt=\"\" srcset=\"https:\/\/camparimx.com\/coctelesdelobos\/wp-content\/uploads\/2025\/10\/CDL-LOGO-fotor-20250718114558.png 973w, https:\/\/camparimx.com\/coctelesdelobos\/wp-content\/uploads\/2025\/10\/CDL-LOGO-fotor-20250718114558-300x235.png 300w, https:\/\/camparimx.com\/coctelesdelobos\/wp-content\/uploads\/2025\/10\/CDL-LOGO-fotor-20250718114558-768x602.png 768w\" sizes=\"(max-width: 800px) 100vw, 800px\" \/>\t\t\t\t\t\t\t\t\t\t\t\t\t\t\t<\/div>\n\t\t\t\t<\/div>\n\t\t\t\t<div class=\"elementor-element elementor-element-977278a animated-slow elementor-hidden-tablet elementor-hidden-mobile elementor-invisible elementor-widget elementor-widget-image\" data-id=\"977278a\" data-element_type=\"widget\" data-settings=\"{&quot;_animation&quot;:&quot;fadeInUp&quot;,&quot;_animation_delay&quot;:1}\" data-widget_type=\"image.default\">\n\t\t\t\t<div class=\"elementor-widget-container\">\n\t\t\t\t\t\t\t\t\t\t\t\t\t\t\t<img decoding=\"async\" width=\"800\" height=\"800\" src=\"https:\/\/camparimx.com\/coctelesdelobos\/wp-content\/uploads\/2025\/10\/CDL-LOGO.png\" class=\"attachment-large size-large wp-image-1724\" alt=\"\" srcset=\"https:\/\/camparimx.com\/coctelesdelobos\/wp-content\/uploads\/2025\/10\/CDL-LOGO.png 1024w, https:\/\/camparimx.com\/coctelesdelobos\/wp-content\/uploads\/2025\/10\/CDL-LOGO-300x300.png 300w, https:\/\/camparimx.com\/coctelesdelobos\/wp-content\/uploads\/2025\/10\/CDL-LOGO-150x150.png 150w, https:\/\/camparimx.com\/coctelesdelobos\/wp-content\/uploads\/2025\/10\/CDL-LOGO-768x768.png 768w\" sizes=\"(max-width: 800px) 100vw, 800px\" \/>\t\t\t\t\t\t\t\t\t\t\t\t\t\t\t<\/div>\n\t\t\t\t<\/div>\n\t\t\t\t<\/div>\n\t\t<div class=\"elementor-element elementor-element-166d83e e-con-full e-flex e-con e-child\" data-id=\"166d83e\" data-element_type=\"container\">\n\t\t\t\t<div class=\"elementor-element elementor-element-ad7a7a9 elementor-invisible elementor-widget elementor-widget-image\" data-id=\"ad7a7a9\" data-element_type=\"widget\" data-settings=\"{&quot;_animation&quot;:&quot;fadeInRight&quot;,&quot;_animation_delay&quot;:1000}\" data-widget_type=\"image.default\">\n\t\t\t\t<div class=\"elementor-widget-container\">\n\t\t\t\t\t\t\t\t\t\t\t\t\t\t\t<img decoding=\"async\" width=\"800\" height=\"801\" src=\"https:\/\/camparimx.com\/coctelesdelobos\/wp-content\/uploads\/2025\/10\/MIXOLOGOS-GRUPO-fotor-2025071113338.jpg\" class=\"attachment-large size-large wp-image-1714\" alt=\"\" srcset=\"https:\/\/camparimx.com\/coctelesdelobos\/wp-content\/uploads\/2025\/10\/MIXOLOGOS-GRUPO-fotor-2025071113338.jpg 1000w, https:\/\/camparimx.com\/coctelesdelobos\/wp-content\/uploads\/2025\/10\/MIXOLOGOS-GRUPO-fotor-2025071113338-300x300.jpg 300w, https:\/\/camparimx.com\/coctelesdelobos\/wp-content\/uploads\/2025\/10\/MIXOLOGOS-GRUPO-fotor-2025071113338-150x150.jpg 150w, https:\/\/camparimx.com\/coctelesdelobos\/wp-content\/uploads\/2025\/10\/MIXOLOGOS-GRUPO-fotor-2025071113338-768x769.jpg 768w\" sizes=\"(max-width: 800px) 100vw, 800px\" \/>\t\t\t\t\t\t\t\t\t\t\t\t\t\t\t<\/div>\n\t\t\t\t<\/div>\n\t\t\t\t<\/div>\n\t\t<div class=\"elementor-element elementor-element-b96db6a e-con-full e-flex e-con e-child\" data-id=\"b96db6a\" data-element_type=\"container\" data-settings=\"{&quot;background_background&quot;:&quot;classic&quot;}\">\n\t\t\t\t<div class=\"elementor-element elementor-element-84c9bf4 premium-header-inline premium-lq__none premium-box-lq__none elementor-widget elementor-widget-premium-addon-dual-header\" data-id=\"84c9bf4\" data-element_type=\"widget\" data-widget_type=\"premium-addon-dual-header.default\">\n\t\t\t\t<div class=\"elementor-widget-container\">\n\t\t\t\t\t\n\t\t\t\t\t<h2 class=\"premium-dual-header-first-header \"><span class=\"premium-dual-header-first-span\">TE DAMOS LA OPORTUNIDAD DE GANAR UNA <\/span><span class=\"premium-dual-header-second-header \">EXPERIENCIA  A OAXACA<\/span><\/h2> \t\t\n\t\t\t\t\t\t<\/div>\n\t\t\t\t<\/div>\n\t\t\t\t<div class=\"elementor-element elementor-element-7d555dd elementor-widget elementor-widget-text-editor\" data-id=\"7d555dd\" data-element_type=\"widget\" data-widget_type=\"text-editor.default\">\n\t\t\t\t<div class=\"elementor-widget-container\">\n\t\t\t\t\t\t\t\t\t<p><strong>Montelobos y 8 Mix\u00f3logos<\/strong> top emprender\u00e1n un viaje ritual para redescubrir origen del mezcal en el siempre m\u00e1gico Oaxaca.<\/p><p>Con dicha inspiraci\u00f3n, crearon 8 el\u00edxires magistrales que te invitamos a degustar <strong>ya que solo t\u00fa puedes decidir cu\u00e1l es el C\u00f3ctel Supremo&#8230;<\/strong><\/p>\t\t\t\t\t\t\t\t<\/div>\n\t\t\t\t<\/div>\n\t\t\t\t<\/div>\n\t\t<div class=\"elementor-element elementor-element-0ab4154 e-con-full e-flex e-con e-child\" data-id=\"0ab4154\" data-element_type=\"container\">\n\t\t\t\t<div class=\"elementor-element elementor-element-e4fce7e animated-slow elementor-invisible elementor-widget elementor-widget-image\" data-id=\"e4fce7e\" data-element_type=\"widget\" data-settings=\"{&quot;_animation&quot;:&quot;zoomIn&quot;,&quot;_animation_delay&quot;:500}\" data-widget_type=\"image.default\">\n\t\t\t\t<div class=\"elementor-widget-container\">\n\t\t\t\t\t\t\t\t\t\t\t\t\t\t\t<img loading=\"lazy\" decoding=\"async\" width=\"950\" height=\"941\" src=\"https:\/\/camparimx.com\/coctelesdelobos\/wp-content\/uploads\/2025\/10\/botellas-montelobos-2025.jpg\" class=\"attachment-full size-full wp-image-1725\" alt=\"\" srcset=\"https:\/\/camparimx.com\/coctelesdelobos\/wp-content\/uploads\/2025\/10\/botellas-montelobos-2025.jpg 950w, https:\/\/camparimx.com\/coctelesdelobos\/wp-content\/uploads\/2025\/10\/botellas-montelobos-2025-300x297.jpg 300w, https:\/\/camparimx.com\/coctelesdelobos\/wp-content\/uploads\/2025\/10\/botellas-montelobos-2025-150x150.jpg 150w, https:\/\/camparimx.com\/coctelesdelobos\/wp-content\/uploads\/2025\/10\/botellas-montelobos-2025-768x761.jpg 768w\" sizes=\"(max-width: 950px) 100vw, 950px\" \/>\t\t\t\t\t\t\t\t\t\t\t\t\t\t\t<\/div>\n\t\t\t\t<\/div>\n\t\t\t\t<\/div>\n\t\t\t\t\t<\/div>\n\t\t\t\t<\/div>\n\t\t<div class=\"elementor-element elementor-element-402d6d1 e-flex e-con-boxed e-con e-parent\" data-id=\"402d6d1\" data-element_type=\"container\" data-settings=\"{&quot;background_background&quot;:&quot;classic&quot;}\">\n\t\t\t\t\t<div class=\"e-con-inner\">\n\t\t\t\t<div class=\"elementor-element elementor-element-30bb9ae elementor-widget elementor-widget-text-editor\" data-id=\"30bb9ae\" data-element_type=\"widget\" data-widget_type=\"text-editor.default\">\n\t\t\t\t<div class=\"elementor-widget-container\">\n\t\t\t\t\t\t\t\t\t<p>TE INVITAMOS A VOTAR POR TU C\u00d3CTEL FAVORITO PARA GANAR UN VIAJE DOBLE A OAXACA TODO PAGADO*.<\/p>\t\t\t\t\t\t\t\t<\/div>\n\t\t\t\t<\/div>\n\t\t\t\t<div class=\"elementor-element elementor-element-d76693e elementor-widget elementor-widget-text-editor\" data-id=\"d76693e\" data-element_type=\"widget\" data-widget_type=\"text-editor.default\">\n\t\t\t\t<div class=\"elementor-widget-container\">\n\t\t\t\t\t\t\t\t\t<p><b>\u00a1Una experiencia inolvidable te espera!<\/b><\/p><p>*Aplican Restricciones<\/p>\t\t\t\t\t\t\t\t<\/div>\n\t\t\t\t<\/div>\n\t\t\t\t\t<\/div>\n\t\t\t\t<\/div>\n\t\t<div class=\"elementor-element elementor-element-5392236 e-con-full e-flex e-con e-parent\" data-id=\"5392236\" data-element_type=\"container\" data-settings=\"{&quot;background_background&quot;:&quot;classic&quot;}\">\n\t\t\t\t<div class=\"elementor-element elementor-element-f02c003 elementor-widget elementor-widget-spacer\" data-id=\"f02c003\" data-element_type=\"widget\" data-widget_type=\"spacer.default\">\n\t\t\t\t<div class=\"elementor-widget-container\">\n\t\t\t\t\t\t\t<div class=\"elementor-spacer\">\n\t\t\t<div class=\"elementor-spacer-inner\"><\/div>\n\t\t<\/div>\n\t\t\t\t\t\t<\/div>\n\t\t\t\t<\/div>\n\t\t\t\t<div class=\"elementor-element elementor-element-8125c72 premium-floating-effects-yes premium-title-second-noise-yes premium-header-inline premium-lq__none premium-box-lq__none elementor-widget elementor-widget-premium-addon-dual-header\" data-id=\"8125c72\" data-element_type=\"widget\" data-settings=\"{&quot;premium_fe_direction&quot;:&quot;alternate&quot;,&quot;premium_fe_loop&quot;:&quot;default&quot;,&quot;premium_fe_easing&quot;:&quot;easeInOutSine&quot;}\" data-widget_type=\"premium-addon-dual-header.default\">\n\t\t\t\t<div class=\"elementor-widget-container\">\n\t\t\t\t\t\n\t\t\t\t\t<h2 class=\"premium-dual-header-first-header \"><span class=\"premium-dual-header-first-span\">C\u00d3MO  <\/span><span class=\"premium-dual-header-second-header \" data-text=\"PARTICIPAR\">PARTICIPAR<\/span><\/h2> \t\t\n\t\t\t\t\t\t<\/div>\n\t\t\t\t<\/div>\n\t\t\t\t<\/div>\n\t\t<div data-pa-eq-height=\"{&quot;targetType&quot;:&quot;widget&quot;,&quot;target&quot;:[&quot;.elementor-widget-premium-addon-dual-header .elementor-widget-container&quot;],&quot;trigger&quot;:&quot;load&quot;,&quot;enableOn&quot;:[&quot;desktop&quot;,&quot;tablet&quot;,&quot;mobile&quot;]}\" class=\"elementor-element elementor-element-494940c premium-equal-height-yes e-flex e-con-boxed e-con e-parent\" data-id=\"494940c\" data-element_type=\"container\" data-settings=\"{&quot;background_background&quot;:&quot;classic&quot;,&quot;premium_eq_height_switcher&quot;:&quot;yes&quot;,&quot;premium_eq_height_target&quot;:[&quot;.elementor-widget-premium-addon-dual-header .elementor-widget-container&quot;]}\">\n\t\t\t\t\t<div class=\"e-con-inner\">\n\t\t<div class=\"elementor-element elementor-element-b007946 e-con-full e-flex e-con e-child\" data-id=\"b007946\" data-element_type=\"container\">\n\t\t\t\t<div class=\"elementor-element elementor-element-f8d714a premium-header-inline premium-lq__none premium-box-lq__none elementor-widget elementor-widget-premium-addon-dual-header\" data-id=\"f8d714a\" data-element_type=\"widget\" data-widget_type=\"premium-addon-dual-header.default\">\n\t\t\t\t<div class=\"elementor-widget-container\">\n\t\t\t\t\t\n\t\t\t\t\t<h2 class=\"premium-dual-header-first-header \"><span class=\"premium-dual-header-first-span\">1.- EXPLORAR NUESTRAS SELECCIONES DE C\u00d3CTELES EN LOS CENTROS DE CONSUMO  <\/span><span class=\"premium-dual-header-second-header \">participantes entre el 11 de Julio y el 30 de Noviembre<\/span><\/h2> \t\t\n\t\t\t\t\t\t<\/div>\n\t\t\t\t<\/div>\n\t\t\t\t<\/div>\n\t\t<div class=\"elementor-element elementor-element-798be30 e-con-full e-flex e-con e-child\" data-id=\"798be30\" data-element_type=\"container\">\n\t\t\t\t<div class=\"elementor-element elementor-element-afd47ee premium-header-inline premium-lq__none premium-box-lq__none elementor-widget elementor-widget-premium-addon-dual-header\" data-id=\"afd47ee\" data-element_type=\"widget\" data-widget_type=\"premium-addon-dual-header.default\">\n\t\t\t\t<div class=\"elementor-widget-container\">\n\t\t\t\t\t\n\t\t\t\t\t<h2 class=\"premium-dual-header-first-header \"><span class=\"premium-dual-header-first-span\">2.- Escanear el QR del Centro de Consumo  <\/span><span class=\"premium-dual-header-second-header \">y tomar una foto de tu c\u00f3ctel<\/span><\/h2> \t\t\n\t\t\t\t\t\t<\/div>\n\t\t\t\t<\/div>\n\t\t\t\t<\/div>\n\t\t<div class=\"elementor-element elementor-element-bbebb0e e-con-full e-flex e-con e-child\" data-id=\"bbebb0e\" data-element_type=\"container\">\n\t\t\t\t<div class=\"elementor-element elementor-element-ec348c0 premium-header-inline premium-lq__none premium-box-lq__none elementor-widget elementor-widget-premium-addon-dual-header\" data-id=\"ec348c0\" data-element_type=\"widget\" data-widget_type=\"premium-addon-dual-header.default\">\n\t\t\t\t<div class=\"elementor-widget-container\">\n\t\t\t\t\t\n\t\t\t\t\t<h2 class=\"premium-dual-header-first-header \"><span class=\"premium-dual-header-first-span\">3.- Calificar <\/span><span class=\"premium-dual-header-second-header \">el look y sabor de la creaci\u00f3n y contestar \"qu\u00e9 es los qu\u00e9 m\u00e1s te ha gustado del c\u00f3ctel\"<\/span><\/h2> \t\t\n\t\t\t\t\t\t<\/div>\n\t\t\t\t<\/div>\n\t\t\t\t<\/div>\n\t\t<div class=\"elementor-element elementor-element-f88ad27 e-con-full e-flex e-con e-child\" data-id=\"f88ad27\" data-element_type=\"container\">\n\t\t\t\t<div class=\"elementor-element elementor-element-8aeff65 premium-header-inline premium-lq__none premium-box-lq__none elementor-widget elementor-widget-premium-addon-dual-header\" data-id=\"8aeff65\" data-element_type=\"widget\" data-widget_type=\"premium-addon-dual-header.default\">\n\t\t\t\t<div class=\"elementor-widget-container\">\n\t\t\t\t\t\n\t\t\t\t\t<h2 class=\"premium-dual-header-first-header \"><span class=\"premium-dual-header-first-span\">4.- La respuesta m\u00e1s creativa <\/span><span class=\"premium-dual-header-second-header \">ser\u00e1 elegida por los jueces y el ganador ser\u00e1 publicado en nuestras redes sociales. <\/span><\/h2> \t\t\n\t\t\t\t\t\t<\/div>\n\t\t\t\t<\/div>\n\t\t\t\t<\/div>\n\t\t\t\t\t<\/div>\n\t\t\t\t<\/div>\n\t\t<div class=\"elementor-element elementor-element-5dc04c5 e-flex e-con-boxed e-con e-parent\" data-id=\"5dc04c5\" data-element_type=\"container\">\n\t\t\t\t\t<div class=\"e-con-inner\">\n\t\t\t\t<div class=\"elementor-element elementor-element-419ca61 premium-adv-carousel__infinite premium-adv-carousel__horizontal elementor-widget elementor-widget-premium-media-wheel\" data-id=\"419ca61\" data-element_type=\"widget\" data-widget_type=\"premium-media-wheel.default\">\n\t\t\t\t<div class=\"elementor-widget-container\">\n\t\t\t\t\t\t\t<div class=\"premium-adv-carousel-no-lightbox premium-adv-carousel__container\" data-settings=\"{&quot;type&quot;:&quot;infinite&quot;,&quot;scroll&quot;:false,&quot;speed&quot;:50,&quot;pauseOnHover&quot;:true,&quot;dir&quot;:&quot;horizontal&quot;,&quot;reverse&quot;:&quot;normal&quot;,&quot;renderEvent&quot;:&quot;scroll&quot;}\">\n\n\t\t\t<div style=\"visibility:hidden;\" class=\"premium-adv-carousel__inner-container\">\n\n\t\t\t\t<div class=\"premium-adv-carousel__items\">\n\n\t\t\t\t\t\t\t\t<div class=\"premium-adv-carousel__item-outer-wrapper\">\n\t\t\t\t<div class=\"elementor-repeater-item-6e0883e premium-adv-carousel__item premium-adv-carousel__item-image\">\n\t\t\t\t\t<div class=\"premium-adv-carousel__media-wrap\">\n\t\t\t\t\t\t\t\t\t\t\t\t\t\t<img decoding=\"async\" src=\"https:\/\/camparimx.com\/coctelesdelobos\/wp-content\/uploads\/2025\/10\/COCTEL-ARCA.jpg\" alt=\"COCTEL ARCA\" class=\"premium-adv-carousel__item-img premium-hover-effects__bright\">\n\t\t\t\t\t\t\t<a class=\"premium-adv-carousel__item-link\" aria-label=\"\" href=\"https:\/\/camparimx.com\/coctelesdelobos\/coctel-arca\/\" ><\/a>\t\t\t\t\t<\/div>\n\n\t\t\t\t\t\n\t\t\t\t\t\t\t\t\t<\/div>\n\t\t\t<\/div>\n\t\t\t\t\t\t<div class=\"premium-adv-carousel__item-outer-wrapper\">\n\t\t\t\t<div class=\"elementor-repeater-item-fb9063a premium-adv-carousel__item premium-adv-carousel__item-image\">\n\t\t\t\t\t<div class=\"premium-adv-carousel__media-wrap\">\n\t\t\t\t\t\t\t\t\t\t\t\t\t\t<img decoding=\"async\" src=\"https:\/\/camparimx.com\/coctelesdelobos\/wp-content\/uploads\/2025\/10\/COCTEL-CAFE-DE-NADIE.jpg\" alt=\"COCTEL CAFE DE NADIE\" class=\"premium-adv-carousel__item-img premium-hover-effects__bright\">\n\t\t\t\t\t\t\t<a class=\"premium-adv-carousel__item-link\" aria-label=\"\" href=\"https:\/\/camparimx.com\/coctelesdelobos\/coctel-cafe-de-nadie\/\" ><\/a>\t\t\t\t\t<\/div>\n\n\t\t\t\t\t\n\t\t\t\t\t\t\t\t\t<\/div>\n\t\t\t<\/div>\n\t\t\t\t\t\t<div class=\"premium-adv-carousel__item-outer-wrapper\">\n\t\t\t\t<div class=\"elementor-repeater-item-d3e16e9 premium-adv-carousel__item premium-adv-carousel__item-image\">\n\t\t\t\t\t<div class=\"premium-adv-carousel__media-wrap\">\n\t\t\t\t\t\t\t\t\t\t\t\t\t\t<img decoding=\"async\" src=\"https:\/\/camparimx.com\/coctelesdelobos\/wp-content\/uploads\/2025\/10\/COCTEL-OWL.jpg\" alt=\"COCTEL OWL\" class=\"premium-adv-carousel__item-img premium-hover-effects__bright\">\n\t\t\t\t\t\t\t<a class=\"premium-adv-carousel__item-link\" aria-label=\"\" href=\"https:\/\/camparimx.com\/coctelesdelobos\/vota-owl\/\" ><\/a>\t\t\t\t\t<\/div>\n\n\t\t\t\t\t\n\t\t\t\t\t\t\t\t\t<\/div>\n\t\t\t<\/div>\n\t\t\t\t\t\t<div class=\"premium-adv-carousel__item-outer-wrapper\">\n\t\t\t\t<div class=\"elementor-repeater-item-b7a4c91 premium-adv-carousel__item premium-adv-carousel__item-image\">\n\t\t\t\t\t<div class=\"premium-adv-carousel__media-wrap\">\n\t\t\t\t\t\t\t\t\t\t\t\t\t\t<img decoding=\"async\" src=\"https:\/\/camparimx.com\/coctelesdelobos\/wp-content\/uploads\/2025\/10\/COCTEL-PARKER.jpg\" alt=\"COCTEL PARKER\" class=\"premium-adv-carousel__item-img premium-hover-effects__bright\">\n\t\t\t\t\t\t\t<a class=\"premium-adv-carousel__item-link\" aria-label=\"\" href=\"https:\/\/camparimx.com\/coctelesdelobos\/coctel-parker-lenox\/\" ><\/a>\t\t\t\t\t<\/div>\n\n\t\t\t\t\t\n\t\t\t\t\t\t\t\t\t<\/div>\n\t\t\t<\/div>\n\t\t\t\t\t\t<div class=\"premium-adv-carousel__item-outer-wrapper\">\n\t\t\t\t<div class=\"elementor-repeater-item-4326844 premium-adv-carousel__item premium-adv-carousel__item-image\">\n\t\t\t\t\t<div class=\"premium-adv-carousel__media-wrap\">\n\t\t\t\t\t\t\t\t\t\t\t\t\t\t<img decoding=\"async\" src=\"https:\/\/camparimx.com\/coctelesdelobos\/wp-content\/uploads\/2025\/10\/COCTEL-SAN-JUAN.jpg\" alt=\"COCTEL SAN JUAN\" class=\"premium-adv-carousel__item-img premium-hover-effects__bright\">\n\t\t\t\t\t\t\t<a class=\"premium-adv-carousel__item-link\" aria-label=\"\" href=\"https:\/\/camparimx.com\/coctelesdelobos\/coctel-san-juan-records\/\" ><\/a>\t\t\t\t\t<\/div>\n\n\t\t\t\t\t\n\t\t\t\t\t\t\t\t\t<\/div>\n\t\t\t<\/div>\n\t\t\t\t\t\t<div class=\"premium-adv-carousel__item-outer-wrapper\">\n\t\t\t\t<div class=\"elementor-repeater-item-dff091f premium-adv-carousel__item premium-adv-carousel__item-image\">\n\t\t\t\t\t<div class=\"premium-adv-carousel__media-wrap\">\n\t\t\t\t\t\t\t\t\t\t\t\t\t\t<img decoding=\"async\" src=\"https:\/\/camparimx.com\/coctelesdelobos\/wp-content\/uploads\/2025\/10\/COCTEL-SELVA.jpg\" alt=\"COCTEL SELVA\" class=\"premium-adv-carousel__item-img premium-hover-effects__bright\">\n\t\t\t\t\t\t\t<a class=\"premium-adv-carousel__item-link\" aria-label=\"\" href=\"https:\/\/camparimx.com\/coctelesdelobos\/coctel-selva\/\" ><\/a>\t\t\t\t\t<\/div>\n\n\t\t\t\t\t\n\t\t\t\t\t\t\t\t\t<\/div>\n\t\t\t<\/div>\n\t\t\t\t\t\t<div class=\"premium-adv-carousel__item-outer-wrapper\">\n\t\t\t\t<div class=\"elementor-repeater-item-1b91425 premium-adv-carousel__item premium-adv-carousel__item-image\">\n\t\t\t\t\t<div class=\"premium-adv-carousel__media-wrap\">\n\t\t\t\t\t\t\t\t\t\t\t\t\t\t<img decoding=\"async\" src=\"https:\/\/camparimx.com\/coctelesdelobos\/wp-content\/uploads\/2025\/10\/COCTEL-ZAPOTE.jpg\" alt=\"COCTEL ZAPOTE\" class=\"premium-adv-carousel__item-img premium-hover-effects__bright\">\n\t\t\t\t\t\t\t<a class=\"premium-adv-carousel__item-link\" aria-label=\"\" href=\"https:\/\/camparimx.com\/coctelesdelobos\/coctel-zapote\/\" ><\/a>\t\t\t\t\t<\/div>\n\n\t\t\t\t\t\n\t\t\t\t\t\t\t\t\t<\/div>\n\t\t\t<\/div>\n\t\t\t\t\t\t\t<\/div>\n\t\t\t<\/div>\n\t\t<\/div>\n\t\t\t\t\t\t<\/div>\n\t\t\t\t<\/div>\n\t\t\t\t<div class=\"elementor-element elementor-element-8246246 elementor-widget elementor-widget-premium-addon-button\" data-id=\"8246246\" data-element_type=\"widget\" data-widget_type=\"premium-addon-button.default\">\n\t\t\t\t<div class=\"elementor-widget-container\">\n\t\t\t\t\t\n\n\t\t<a class=\"premium-button premium-button-style2 premium-btn-lg premium-button-style2-shutouthor\" href=\"https:\/\/camparimx.com\/coctelesdelobos\/los-cocteles-de-lobos\/\">\n\t\t\t<div class=\"premium-button-text-icon-wrapper\">\n\t\t\t\t\n\t\t\t\t\t\t\t\t\t<span >\n\t\t\t\t\t\tCONOCER LOS C\u00d3CTELES DE LOBOS\t\t\t\t\t<\/span>\n\t\t\t\t\t\t\t<\/div>\n\n\t\t\t\n\t\t\t\n\t\t\t\n\t\t<\/a>\n\n\n\t\t\t\t\t\t<\/div>\n\t\t\t\t<\/div>\n\t\t\t\t\t<\/div>\n\t\t\t\t<\/div>\n\t\t\t\t<\/div>\n\t\t","protected":false},"excerpt":{"rendered":"<p>TE DAMOS LA OPORTUNIDAD DE GANAR UNA EXPERIENCIA A OAXACA Montelobos y 8 Mix\u00f3logos top emprender\u00e1n un viaje ritual para redescubrir origen del mezcal en el siempre m\u00e1gico Oaxaca. Con dicha inspiraci\u00f3n, crearon 8 el\u00edxires magistrales que te invitamos a degustar ya que solo t\u00fa puedes decidir cu\u00e1l es el C\u00f3ctel Supremo&#8230; TE INVITAMOS A [&hellip;]<\/p>\n","protected":false},"author":2,"featured_media":0,"parent":0,"menu_order":0,"comment_status":"closed","ping_status":"closed","template":"","meta":{"footnotes":""},"class_list":["post-177","page","type-page","status-publish","hentry"],"_links":{"self":[{"href":"https:\/\/camparimx.com\/coctelesdelobos\/wp-json\/wp\/v2\/pages\/177","targetHints":{"allow":["GET"]}}],"collection":[{"href":"https:\/\/camparimx.com\/coctelesdelobos\/wp-json\/wp\/v2\/pages"}],"about":[{"href":"https:\/\/camparimx.com\/coctelesdelobos\/wp-json\/wp\/v2\/types\/page"}],"author":[{"embeddable":true,"href":"https:\/\/camparimx.com\/coctelesdelobos\/wp-json\/wp\/v2\/users\/2"}],"replies":[{"embeddable":true,"href":"https:\/\/camparimx.com\/coctelesdelobos\/wp-json\/wp\/v2\/comments?post=177"}],"version-history":[{"count":178,"href":"https:\/\/camparimx.com\/coctelesdelobos\/wp-json\/wp\/v2\/pages\/177\/revisions"}],"predecessor-version":[{"id":1738,"href":"https:\/\/camparimx.com\/coctelesdelobos\/wp-json\/wp\/v2\/pages\/177\/revisions\/1738"}],"wp:attachment":[{"href":"https:\/\/camparimx.com\/coctelesdelobos\/wp-json\/wp\/v2\/media?parent=177"}],"curies":[{"name":"wp","href":"https:\/\/api.w.org\/{rel}","templated":true}]}}