{"id":3,"date":"2024-08-08T19:01:42","date_gmt":"2024-08-08T19:01:42","guid":{"rendered":"https:\/\/camparimx.com\/coctelesdelobos?page_id=3"},"modified":"2025-07-11T15:04:14","modified_gmt":"2025-07-11T15:04:14","slug":"politica-privacidad","status":"publish","type":"page","link":"https:\/\/camparimx.com\/coctelesdelobos\/politica-privacidad\/","title":{"rendered":"Pol\u00edtica de privacidad"},"content":{"rendered":"\t\t<div data-elementor-type=\"wp-page\" data-elementor-id=\"3\" class=\"elementor elementor-3\" data-elementor-post-type=\"page\">\n\t\t\t\t<div class=\"elementor-element elementor-element-cba8d66 e-flex e-con-boxed e-con e-parent\" data-id=\"cba8d66\" data-element_type=\"container\">\n\t\t\t\t\t<div class=\"e-con-inner\">\n\t\t\t\t<div class=\"elementor-element elementor-element-78c1455 premium-header-inline premium-lq__none premium-box-lq__none elementor-widget elementor-widget-premium-addon-dual-header\" data-id=\"78c1455\" data-element_type=\"widget\" data-widget_type=\"premium-addon-dual-header.default\">\n\t\t\t\t<div class=\"elementor-widget-container\">\n\t\t\t\t\t\n\t\t\t\t\t<h2 class=\"premium-dual-header-first-header \"><span class=\"premium-dual-header-first-span\">AVISO  DE <\/span><span class=\"premium-dual-header-second-header \">PRIVACIDAD<\/span><\/h2> \t\t\n\t\t\t\t\t\t<\/div>\n\t\t\t\t<\/div>\n\t\t\t\t\t<\/div>\n\t\t\t\t<\/div>\n\t\t<div class=\"elementor-element elementor-element-df670f4 e-flex e-con-boxed e-con e-parent\" data-id=\"df670f4\" data-element_type=\"container\" data-settings=\"{&quot;background_background&quot;:&quot;classic&quot;}\">\n\t\t\t\t\t<div class=\"e-con-inner\">\n\t\t\t\t<div class=\"elementor-element elementor-element-a792c4f elementor-widget elementor-widget-text-editor\" data-id=\"a792c4f\" data-element_type=\"widget\" data-widget_type=\"text-editor.default\">\n\t\t\t\t<div class=\"elementor-widget-container\">\n\t\t\t\t\t\t\t\t\t<h2><strong>IDENTIDAD, DOMICILIO Y COMPROMISO DEL RESPONSABLE Y EL ENCARGADO<\/strong><\/h2>\n<p>CAMPARI M\u00c9XICO S.A DE C.V. en su car\u00e1cter de responsable, declara ser una empresa legalmente constituida de conformidad con las leyes mexicanas, con domicilio ubicado en Avenida Am\u00e9ricas No. 1500, piso G-A, Colonia Country Club, 44620,Guadalajara, Jalisco, pone a su disposici\u00f3n el presente Aviso de Privacidad, con lo cual queremos asegurar que se conozca c\u00f3mo salvaguardamos la integridad, privacidad y protecci\u00f3n de los datos personales, en cumplimiento a la Ley Federal de Protecci\u00f3n de Datos Personales en Posesi\u00f3n de los Particulares y su Reglamento.<\/p>\n<p>Por su parte, CRANTZ &amp; STERN S.A. DE C.V., en su car\u00e1cter de encargado, declara ser una empresa legalmente constituida de conformidad con las leyes mexicanas, con domicilio ubicado en Ejercito Nacional 216 piso 13, Colonia Anzures, M\u00e9xico, D.F.., se compromete a tratar los datos personales por instrucciones de CAMPARI MEXICO, S.A DE C.V., conforme al presente Aviso de Privacidad y\/o a la Ley Federal de Protecci\u00f3n de Datos Personales en Posesi\u00f3n de los Particulares y su Reglamento.<\/p>\n<p><\/p>\n<h2><strong>DATOS PERSONALES QUE SE RECABAN<\/strong><\/h2>\n<p>CRANTZ &amp; STERN S. A. DE C.V., por cuenta de CAMPARI MEXICO, S.A. DE C.V. recabar\u00e1 los siguientes datos personales de contacto o de identificaci\u00f3n \u00fanicamente de aquellas personas que accedan a la p\u00e1gina www.camparimx.com\/coctelesdelobos&nbsp; (en lo sucesivo \u201cEl Usuario\u201d):<\/p>\n<ul>\n<li>Nombre completo.<\/li>\n<li>Correo electr\u00f3nico.<\/li>\n<li>N\u00famero de tel\u00e9fono.<\/li>\n<li>Direcci\u00f3n.<\/li>\n<\/ul>\n<p>Al proporcionar sus datos personales en la p\u00e1gina [agregar URL de la p\u00e1gina], usted acepta los t\u00e9rminos y condiciones del presente Aviso de Privacidad. El consentimiento ser\u00e1 otorgado por medios electr\u00f3nicos o cualquier otra tecnolog\u00eda, y se entender\u00e1 que el titular consiente t\u00e1citamente el tratamiento de sus datos personales cuando, habi\u00e9ndose puesto a su disposici\u00f3n el presente Aviso de Privacidad, no manifieste su oposici\u00f3n.<\/p>\n<p><\/p>\n<p>Toda informaci\u00f3n que contenga datos personales y que sea recibida por CRANTZ &amp; STERN S.A. DE C.V., en forma escrita, gr\u00e1fica, electr\u00f3nica, magn\u00e9tica o por cualquier otro medio tangible; ser\u00e1 considerada confidencial y propiedad de su emisor, por tanto, su uso ser\u00e1 restringido en los t\u00e9rminos que se precisan en este Aviso de Privacidad.<\/p>\n<p><\/p>\n<p>CRANTZ &amp; STERN S.A. DE C.V. reconoce que toda la informaci\u00f3n que contenga datos personales y que sea proporcionada a esta empresa pertenece exclusivamente al emisor de la misma. Como receptora de dicha informaci\u00f3n, en nombre de CAMPARI M\u00c9XICO, S.A DE C.V., CRANTZ &amp; STERN S.A. DE C.V. se obliga a protegerla con el mismo grado de seguridad y cuidado que aplica a su propia informaci\u00f3n de similar importancia, y se compromete a no divulgarla sin el consentimiento del titular.<\/p>\n<p><\/p>\n<h2><strong>FINALIDADES <\/strong><strong>DEL TRATAMIENTO <\/strong><\/h2>\n<p>La Informaci\u00f3n que contenga datos personales proporcionados a CRANTZ &amp; STERN S.A. .DE C.V., de los usuarios, se utilizar\u00e1 para los siguientes efectos y finalidades:<\/p>\n<ul>\n<li>En caso de que participe en alguno de nuestros concursos, sus datos ser\u00e1n utilizados para gestionar su participaci\u00f3n, notificarle en caso de resultar ganador, y para la entrega de premios.<\/li>\n<li>Enviar boletines informativos y actualizaciones peri\u00f3dicas sobre novedades y lanzamientos de las marcas que forman parte del portafolio de marcas de Grupo Campari, Campari M\u00e9xico, sus filiales y\/o subsidiarias.<\/li>\n<\/ul>\n<ul>\n<li>Utilizar datos para mostrar anuncios personalizados en plataformas digitales y redes sociales de las marcas que forman parte del portafolio de marcas de Grupo Campari, Campari M\u00e9xico, sus filiales y\/o subsidiarias.<\/li>\n<\/ul>\n<ul>\n<li>Analizar el comportamiento y las interacciones de los usuarios para mejorar las estrategias de marketing.<\/li>\n<\/ul>\n<ul>\n<li>Para el cumplimiento de leyes, reglamento y disposiciones aplicable.<\/li>\n<\/ul>\n<h2><strong>MEDIDAS DE SEGURIDAD<\/strong><\/h2>\n<p>Implementamos medidas de seguridad administrativas, t\u00e9cnicas y f\u00edsicas para proteger sus datos personales contra da\u00f1o, p\u00e9rdida, alteraci\u00f3n, destrucci\u00f3n o el uso, acceso o tratamiento no autorizado.<\/p>\n<h2><strong>DERECHOS ARCO Y REVOCACI\u00d3N DEL CONSENTIMIENTO<\/strong><\/h2>\n<p>El titular podr\u00e1 ejercer cualquiera de sus derechos de Acceso, Rectificaci\u00f3n, Cancelaci\u00f3n u Oposici\u00f3n o, en su caso, revocar el consentimiento enviando un correo electr\u00f3nico a juan.delgado@campari.com , el correo electr\u00f3nico que el titular env\u00ede deber\u00e1 contener al menos los siguientes datos:<\/p>\n<ol>\n<li>Nombre del titular.<\/li>\n<li>Domicilio del titular o direcci\u00f3n de correo electr\u00f3nico para comunicar la respuesta a su solicitud.<\/li>\n<li>Los documentos que acrediten la identidad o, en su caso, la representaci\u00f3n legal del titular.<\/li>\n<li>La descripci\u00f3n de datos personales sobre los que se pretende ejercer alg\u00fan derecho ARCO y el derecho que desea ejercer o, en su caso, mencionar que desea revocar su consentimiento.<\/li>\n<li>Cualquier otro elemento o documento que el titular considere pueda facilitar la localizaci\u00f3n de los datos personales.<\/li>\n<\/ol>\n<h2><strong>OPCIONES Y MEDIOS PARA LIMITAR EL USO O DIVULGACI\u00d3N DE LOS DATOS PERSONALES.<\/strong><\/h2>\n<p>CAMPARI M\u00c9XICO, S.A DE C.V. Y CRANTZ &amp; STERN S.A. .DE C.V., \u00fanicamente utilizar\u00e1n los datos personales recabados conforme a los fines aqu\u00ed establecidos; asimismo, no divulgar\u00e1n ning\u00fan dato personal, especialmente aquellos considerados como sensibles, sin el consentimiento del titular. No obstante, lo anterior, en caso de que el titular desee limitar el uso o divulgaci\u00f3n de los datos personales, recabados conforme al presente Aviso de Privacidad, para aquellas finalidades que no fueran esenciales para la prestaci\u00f3n de los Servicios, podr\u00e1 enviar un correo electr\u00f3nico&nbsp;<span lang=\"EN-US\" style=\"color: rgb(0, 0, 0); letter-spacing: normal; font-size: 11pt; line-height: 15.6933px; font-family: Aptos, sans-serif;\"><a href=\"mailto:juan.delgado@campari.com\" style=\"color: rgb(70, 120, 134); text-decoration-line: underline;\"><b><span lang=\"ES-MX\" style=\"font-size: 14pt; line-height: 19.9733px; font-family: Arial, sans-serif;\">juan.delgado@campari.com<\/span><\/b><\/a><\/span><span style=\"color: rgb(0, 0, 0); font-size: medium; letter-spacing: normal;\"><\/span>, mencionando la limitaci\u00f3n que desea respecto de sus datos personales.<\/p>\n<h2>&nbsp;<strong>USO DE COOKIES<\/strong><\/h2>\n<p>Nuestro sitio web utiliza cookies para mejorar su experiencia de usuario. Para obtener m\u00e1s informaci\u00f3n sobre c\u00f3mo utilizamos las cookies, por favor consulte nuestra [agregar url de pol\u00edtica de cookies]<\/p>\n<h2><strong>USO DE SITIOS WEB, RESPONSABILIDAD DEL PRODUCTO<\/strong><\/h2>\n<p>La informaci\u00f3n sobre este sitio web no es vinculante y se facilita exclusivamente a efectos informativos. Tiene un car\u00e1cter meramente informativo y no constituye una oferta seg\u00fan se define en la normativa legal aplicable. La informaci\u00f3n incluida en esta p\u00e1gina web y los productos y servicios descritos en estas est\u00e1n sujetos a modificaciones o actualizaciones por parte de CRANTZ &amp; STERN S.A. DE C.V., CAMPARI M\u00c9XICO, S.A DE C.V. y\/o sus filiales, las cuales pueden hacerse en cualquier momento y sin aviso previo. A menos que se indique expresamente en otra parte, las p\u00e1ginas web propiedad de CAMPARI M\u00c9XICO S.A DE C.V. y\/o sus filiales, no incluyen ninguna garant\u00eda ni informaci\u00f3n sobre caracter\u00edsticas que den pie a responsabilidades por parte de CAMPARI M\u00c9XICO S.A DE C.V. y\/o sus filiales, ya sea de forma expl\u00edcita o impl\u00edcita, en relaci\u00f3n con, entre otras cosas, la validez, precisi\u00f3n, integridad y calidad actual de la informaci\u00f3n en cuesti\u00f3n.<\/p>\n<p>CAMPARI M\u00c9XICO S.A DE C.V. y\/o sus filiales no asumen ninguna responsabilidad en relaci\u00f3n con sus p\u00e1ginas web. Por la presente se excluye cualquier responsabilidad por da\u00f1os o p\u00e9rdidas directos o indirectos y por reclamaciones de compensaci\u00f3n o da\u00f1os derivados de cualquier tipo y fundamento jur\u00eddico, sufridos como resultado del acceso o uso de los sitios web, lo cual incluye, especialmente, la infecci\u00f3n de su entorno inform\u00e1tico con virus.<\/p>\n<p>La existencia y cumplimiento de las obligaciones y la responsabilidad de CAMPARI M\u00c9XICO S.A DE C.V. y\/o sus filiales por los productos y servicios de CAMPARI M\u00c9XICO S.A DE C.V. y\/o sus filiales est\u00e1n regidos exclusivamente por los acuerdos contractuales correspondientes celebrados al respecto, junto con la versi\u00f3n actual de las condiciones generales de CAMPARI M\u00c9XICO S.A DE C.V. y\/o sus filiales aplicables en cada caso.<\/p>\n<p><strong>TRANSFERENCIA DE DATOS PERSONALES<\/strong><\/p>\n<p><\/p>\n<p>NI CAMPARI M\u00c9XICO, S.A DE C.V. NI CRANTZ &amp; STERN S.A. DE C.V, transferir\u00e1n sus datos personales sin su consentimiento, no obstante CAMPARI M\u00c9XICO, S.A DE C.V. Y\/O CRANTZ &amp; STERN S.A. DE C.V., podr\u00e1 compartir sus datos personales con terceros \u00fanica y exclusivamente a efecto de dar cumplimiento a las obligaciones que CAMPARI M\u00c9XICO, S.A DE C.V. asume con el titular, \u00fanica y exclusivamente en caso de que sea necesario para las finalidades antes descritas o por los casos previstos por Ley.<\/p>\n<p><\/p>\n<h2><strong>CAMBIOS EN EL AVISO DE PRIVACIDAD<\/strong><\/h2>\n<p><\/p>\n<p>CAMPARI M\u00c9XICO, S.A DE C.V. se reserva el derecho, bajo su exclusiva discreci\u00f3n, de cambiar, modificar, agregar o eliminar partes del presente Aviso de Privacidad en cualquier momento. Le recomendemos visitar esta p\u00e1gina con la finalidad de informarse si ocurre alg\u00fan cambio al presente.<\/p>\n<h2><strong>CONTACTO<\/strong><\/h2>\n<p>Para cualquier duda o aclaraci\u00f3n respecto del presente aviso de privacidad, puede comunicarse con nosotros a trav\u00e9s de&nbsp;<a href=\"mailto:juan.delgado@campari.com\" style=\"font-family: Aptos, sans-serif; font-size: 11pt; letter-spacing: normal; background-color: rgb(255, 255, 255); color: rgb(70, 120, 134); text-decoration-line: underline;\"><b><span lang=\"ES-MX\" style=\"font-size: 14pt; line-height: 19.9733px; font-family: Arial, sans-serif;\">juan.delgado@campari.com<\/span><\/b><\/a><\/p><span style=\"color: rgb(0, 0, 0); font-size: medium; letter-spacing: normal;\"><\/span><p><strong>Fecha de \u00faltima actualizaci\u00f3n<\/strong><strong>:<\/strong> 11 julio 2025<\/p>\n<p><\/p>\t\t\t\t\t\t\t\t<\/div>\n\t\t\t\t<\/div>\n\t\t\t\t\t<\/div>\n\t\t\t\t<\/div>\n\t\t\t\t<\/div>\n\t\t","protected":false},"excerpt":{"rendered":"<p>AVISO DE PRIVACIDAD IDENTIDAD, DOMICILIO Y COMPROMISO DEL RESPONSABLE Y EL ENCARGADO CAMPARI M\u00c9XICO S.A DE C.V. en su car\u00e1cter de responsable, declara ser una empresa legalmente constituida de conformidad con las leyes mexicanas, con domicilio ubicado en Avenida Am\u00e9ricas No. 1500, piso G-A, Colonia Country Club, 44620,Guadalajara, Jalisco, pone a su disposici\u00f3n el presente [&hellip;]<\/p>\n","protected":false},"author":1,"featured_media":0,"parent":0,"menu_order":0,"comment_status":"closed","ping_status":"open","template":"","meta":{"footnotes":""},"class_list":["post-3","page","type-page","status-publish","hentry"],"_links":{"self":[{"href":"https:\/\/camparimx.com\/coctelesdelobos\/wp-json\/wp\/v2\/pages\/3","targetHints":{"allow":["GET"]}}],"collection":[{"href":"https:\/\/camparimx.com\/coctelesdelobos\/wp-json\/wp\/v2\/pages"}],"about":[{"href":"https:\/\/camparimx.com\/coctelesdelobos\/wp-json\/wp\/v2\/types\/page"}],"author":[{"embeddable":true,"href":"https:\/\/camparimx.com\/coctelesdelobos\/wp-json\/wp\/v2\/users\/1"}],"replies":[{"embeddable":true,"href":"https:\/\/camparimx.com\/coctelesdelobos\/wp-json\/wp\/v2\/comments?post=3"}],"version-history":[{"count":15,"href":"https:\/\/camparimx.com\/coctelesdelobos\/wp-json\/wp\/v2\/pages\/3\/revisions"}],"predecessor-version":[{"id":1641,"href":"https:\/\/camparimx.com\/coctelesdelobos\/wp-json\/wp\/v2\/pages\/3\/revisions\/1641"}],"wp:attachment":[{"href":"https:\/\/camparimx.com\/coctelesdelobos\/wp-json\/wp\/v2\/media?parent=3"}],"curies":[{"name":"wp","href":"https:\/\/api.w.org\/{rel}","templated":true}]}}