{"id":418,"date":"2024-08-12T08:27:47","date_gmt":"2024-08-12T08:27:47","guid":{"rendered":"https:\/\/camparimx.com\/coctelesdelobos\/?page_id=418"},"modified":"2025-10-09T00:54:00","modified_gmt":"2025-10-09T00:54:00","slug":"mixologos","status":"publish","type":"page","link":"https:\/\/camparimx.com\/coctelesdelobos\/mixologos\/","title":{"rendered":"Mix\u00f3logos"},"content":{"rendered":"\t\t<div data-elementor-type=\"wp-page\" data-elementor-id=\"418\" class=\"elementor elementor-418\" data-elementor-post-type=\"page\">\n\t\t\t\t<div class=\"elementor-element elementor-element-02c5464 e-flex e-con-boxed e-con e-parent\" data-id=\"02c5464\" data-element_type=\"container\" data-settings=\"{&quot;background_background&quot;:&quot;classic&quot;}\">\n\t\t\t\t\t<div class=\"e-con-inner\">\n\t\t\t\t<div class=\"elementor-element elementor-element-29d8a77 premium-header-inline premium-lq__none premium-box-lq__none elementor-widget elementor-widget-premium-addon-dual-header\" data-id=\"29d8a77\" data-element_type=\"widget\" data-widget_type=\"premium-addon-dual-header.default\">\n\t\t\t\t<div class=\"elementor-widget-container\">\n\t\t\t\t\t\n\t\t\t\t\t<h2 class=\"premium-dual-header-first-header \"><span class=\"premium-dual-header-first-span\">LOS <\/span><span class=\"premium-dual-header-second-header \">MIX\u00d3LOGOS<\/span><\/h2> \t\t\n\t\t\t\t\t\t<\/div>\n\t\t\t\t<\/div>\n\t\t\t\t\t<\/div>\n\t\t\t\t<\/div>\n\t\t<div class=\"elementor-element elementor-element-64a3005 e-flex e-con-boxed e-con e-parent\" data-id=\"64a3005\" data-element_type=\"container\">\n\t\t\t\t\t<div class=\"e-con-inner\">\n\t\t\t\t<div class=\"elementor-element elementor-element-eb57d47 elementor-widget elementor-widget-premium-img-layers-addon\" data-id=\"eb57d47\" data-element_type=\"widget\" data-widget_type=\"premium-img-layers-addon.default\">\n\t\t\t\t<div class=\"elementor-widget-container\">\n\t\t\t\t\t\n\t\t<div class=\"premium-img-layers-wrapper\" data-devices=\"[&quot;desktop&quot;,&quot;tablet&quot;,&quot;mobile&quot;]\">\n\t\t\t<ul class=\"premium-img-layers-list-wrapper\">\n\t\t\t\t\n\t\t\t\t\t\t<li class=\"premium-img-layers-list-item  elementor-repeater-item-4261c23 premium-img-layer-\" style=\"opacity: 0\" data-settings=\"{&quot;animation&quot;:&quot;rollIn&quot;,&quot;duration&quot;:&quot;animated-&quot;,&quot;delay&quot;:0}\" data-layer-hide=\"&quot;&quot;\">\n\t\t\t\t\t\t<img fetchpriority=\"high\" decoding=\"async\" width=\"1514\" height=\"958\" src=\"https:\/\/camparimx.com\/coctelesdelobos\/wp-content\/uploads\/2025\/10\/MIXOLOGOS-HEADER.jpg\" class=\"attachment-full size-full premium-img-layers-image\" alt=\"\" srcset=\"https:\/\/camparimx.com\/coctelesdelobos\/wp-content\/uploads\/2025\/10\/MIXOLOGOS-HEADER.jpg 1514w, https:\/\/camparimx.com\/coctelesdelobos\/wp-content\/uploads\/2025\/10\/MIXOLOGOS-HEADER-300x190.jpg 300w, https:\/\/camparimx.com\/coctelesdelobos\/wp-content\/uploads\/2025\/10\/MIXOLOGOS-HEADER-1024x648.jpg 1024w, https:\/\/camparimx.com\/coctelesdelobos\/wp-content\/uploads\/2025\/10\/MIXOLOGOS-HEADER-768x486.jpg 768w\" sizes=\"(max-width: 1514px) 100vw, 1514px\" \/>\n\t\t\t\t\t\t\t\n\t\t\t\t\t\t\n\t\t\t\t\t\t<\/li>\n\t\t\t\t\t\t\t\t\t\t\t<\/ul>\n\t\t<\/div>\n\n\t\t\t\t\t\t<\/div>\n\t\t\t\t<\/div>\n\t\t\t\t\t<\/div>\n\t\t\t\t<\/div>\n\t\t<div class=\"elementor-element elementor-element-bad8f5e e-flex e-con-boxed e-con e-parent\" data-id=\"bad8f5e\" data-element_type=\"container\">\n\t\t\t\t\t<div class=\"e-con-inner\">\n\t\t\t\t<div class=\"elementor-element elementor-element-3d10f47 elementor-widget elementor-widget-premium-addon-person\" data-id=\"3d10f47\" data-element_type=\"widget\" data-settings=\"{&quot;persons_per_row&quot;:&quot;25%&quot;,&quot;persons_per_row_tablet&quot;:&quot;100%&quot;,&quot;persons_per_row_mobile&quot;:&quot;100%&quot;}\" data-widget_type=\"premium-addon-person.default\">\n\t\t\t\t<div class=\"elementor-widget-container\">\n\t\t\t\t\t\t\t<div class=\"premium-persons-container premium-person-style1 multiple-persons\" data-persons-equal=\"\">\n\t\t\t\t\t\t\t\t<div class=\"premium-person-container premium-person-zoomin-effect\">\n\t\t\t\t\t\t<div class=\"premium-person-image-container\">\n\t\t\t\t\t\t<img decoding=\"async\" width=\"350\" height=\"525\" src=\"https:\/\/camparimx.com\/coctelesdelobos\/wp-content\/uploads\/2025\/10\/MIXOLOGOS66.jpg\" class=\"attachment-full size-full wp-image-1742\" alt=\"\" srcset=\"https:\/\/camparimx.com\/coctelesdelobos\/wp-content\/uploads\/2025\/10\/MIXOLOGOS66.jpg 350w, https:\/\/camparimx.com\/coctelesdelobos\/wp-content\/uploads\/2025\/10\/MIXOLOGOS66-200x300.jpg 200w\" sizes=\"(max-width: 350px) 100vw, 350px\" \/>\t\t\t\t\t\t\t\t\t\t\t\t\t<\/div>\n\t\t\t\t\t\t<div class=\"premium-person-info\">\n\t\t\t\t\t\t\t\t\t\t<div class=\"premium-person-info-container\">\n\t\t\t\t\t\t\t\t\t<h2 class=\"premium-person-name\">Enrique Sierra<\/h2>\n\t\t\t\t\t\t\t\t\t\t\t<h4 class=\"premium-person-title\">\n\t\t\t\t\t\t\t<span>Arca<\/span>\n\t\t\t\t\t\t<\/h4>\n\t\t\t\t\t\t\t\t\t\t\t<div class=\"premium-person-content\">\n\t\t\t\t\t\t\t<p><a href=\"https:\/\/camparimx.com\/coctelesdelobos\/coctel-arca\/\">Conocer su creaci\u00f3n <\/a><a href=\"https:\/\/camparimx.com\/coctelesdelobos\/coctel-long-story-short\/\"><br \/><\/a><a href=\"https:\/\/camparimx.com\/coctelesdelobos\/coctel-arca\/\">&#8220;Holy Last Word&#8221;<\/a><\/p>\t\t\t\t\t\t<\/div>\n\t\t\t\t\t\t\t\t<\/div>\n\t\t\t\t\t\t\t\t\t<\/div>\n\t\t\t\t\t<\/div>\n\t\t\t\t\t\t\t\t\t\t<div class=\"premium-person-container premium-person-zoomin-effect\">\n\t\t\t\t\t\t<div class=\"premium-person-image-container\">\n\t\t\t\t\t\t<img decoding=\"async\" width=\"350\" height=\"525\" src=\"https:\/\/camparimx.com\/coctelesdelobos\/wp-content\/uploads\/2025\/10\/MIXOLOGOS33.jpg\" class=\"attachment-full size-full wp-image-1744\" alt=\"\" srcset=\"https:\/\/camparimx.com\/coctelesdelobos\/wp-content\/uploads\/2025\/10\/MIXOLOGOS33.jpg 350w, https:\/\/camparimx.com\/coctelesdelobos\/wp-content\/uploads\/2025\/10\/MIXOLOGOS33-200x300.jpg 200w\" sizes=\"(max-width: 350px) 100vw, 350px\" \/>\t\t\t\t\t\t\t\t\t\t\t\t\t<\/div>\n\t\t\t\t\t\t<div class=\"premium-person-info\">\n\t\t\t\t\t\t\t\t\t\t<div class=\"premium-person-info-container\">\n\t\t\t\t\t\t\t\t\t<h2 class=\"premium-person-name\">Alan Eduardo Sandoval Neri<\/h2>\n\t\t\t\t\t\t\t\t\t\t\t<h4 class=\"premium-person-title\">\n\t\t\t\t\t\t\t<span>Caf\u00e9 de Nadie<\/span>\n\t\t\t\t\t\t<\/h4>\n\t\t\t\t\t\t\t\t\t\t\t<div class=\"premium-person-content\">\n\t\t\t\t\t\t\t<p><a href=\"https:\/\/camparimx.com\/coctelesdelobos\/coctel-cafe-de-nadie\/\">Conocer su creaci\u00f3n <\/a><br \/><a href=\"https:\/\/camparimx.com\/coctelesdelobos\/coctel-cafe-de-nadie\/\">&#8220;Linaje&#8221;<\/a><\/p>\t\t\t\t\t\t<\/div>\n\t\t\t\t\t\t\t\t<\/div>\n\t\t\t\t\t\t\t\t\t<\/div>\n\t\t\t\t\t<\/div>\n\t\t\t\t\t\t\t\t\t\t<div class=\"premium-person-container premium-person-zoomin-effect\">\n\t\t\t\t\t\t<div class=\"premium-person-image-container\">\n\t\t\t\t\t\t<img loading=\"lazy\" decoding=\"async\" width=\"350\" height=\"525\" src=\"https:\/\/camparimx.com\/coctelesdelobos\/wp-content\/uploads\/2025\/10\/MIXOLOGOS11.jpg\" class=\"attachment-full size-full wp-image-1748\" alt=\"\" srcset=\"https:\/\/camparimx.com\/coctelesdelobos\/wp-content\/uploads\/2025\/10\/MIXOLOGOS11.jpg 350w, https:\/\/camparimx.com\/coctelesdelobos\/wp-content\/uploads\/2025\/10\/MIXOLOGOS11-200x300.jpg 200w\" sizes=\"(max-width: 350px) 100vw, 350px\" \/>\t\t\t\t\t\t\t\t\t\t\t\t\t<\/div>\n\t\t\t\t\t\t<div class=\"premium-person-info\">\n\t\t\t\t\t\t\t\t\t\t<div class=\"premium-person-info-container\">\n\t\t\t\t\t\t\t\t\t<h2 class=\"premium-person-name\">Didier Vega Flores<\/h2>\n\t\t\t\t\t\t\t\t\t\t\t<h4 class=\"premium-person-title\">\n\t\t\t\t\t\t\t<span>Cantina Filomeno<\/span>\n\t\t\t\t\t\t<\/h4>\n\t\t\t\t\t\t\t\t\t\t\t<div class=\"premium-person-content\">\n\t\t\t\t\t\t\t<p><a href=\"https:\/\/camparimx.com\/coctelesdelobos\/coctel-cantina-filomeno\/\">Conocer su creaci\u00f3n<\/a><br \/><a href=\"https:\/\/camparimx.com\/coctelesdelobos\/coctel-cantina-filomeno\/\">&#8220;Siguiendo la Luna&#8221;<\/a><\/p>\t\t\t\t\t\t<\/div>\n\t\t\t\t\t\t\t\t<\/div>\n\t\t\t\t\t\t\t\t\t<\/div>\n\t\t\t\t\t<\/div>\n\t\t\t\t\t\t\t\t\t\t<div class=\"premium-person-container premium-person-zoomin-effect\">\n\t\t\t\t\t\t<div class=\"premium-person-image-container\">\n\t\t\t\t\t\t<img loading=\"lazy\" decoding=\"async\" width=\"350\" height=\"525\" src=\"https:\/\/camparimx.com\/coctelesdelobos\/wp-content\/uploads\/2025\/10\/MIXOLOGOS44.jpg\" class=\"attachment-full size-full wp-image-1749\" alt=\"\" srcset=\"https:\/\/camparimx.com\/coctelesdelobos\/wp-content\/uploads\/2025\/10\/MIXOLOGOS44.jpg 350w, https:\/\/camparimx.com\/coctelesdelobos\/wp-content\/uploads\/2025\/10\/MIXOLOGOS44-200x300.jpg 200w\" sizes=\"(max-width: 350px) 100vw, 350px\" \/>\t\t\t\t\t\t\t\t\t\t\t\t\t<\/div>\n\t\t\t\t\t\t<div class=\"premium-person-info\">\n\t\t\t\t\t\t\t\t\t\t<div class=\"premium-person-info-container\">\n\t\t\t\t\t\t\t\t\t<h2 class=\"premium-person-name\">Eduardo Fabela Zaragoza<\/h2>\n\t\t\t\t\t\t\t\t\t\t\t<h4 class=\"premium-person-title\">\n\t\t\t\t\t\t\t<span>Owl<\/span>\n\t\t\t\t\t\t<\/h4>\n\t\t\t\t\t\t\t\t\t\t\t<div class=\"premium-person-content\">\n\t\t\t\t\t\t\t<p><a href=\"https:\/\/camparimx.com\/coctelesdelobos\/coctel-owl\/\">Conocer su creaci\u00f3n <\/a><a href=\"https:\/\/camparimx.com\/coctelesdelobos\/coctel-balcon-del-zocalo\/\"><br \/><\/a><br \/><a href=\"https:\/\/camparimx.com\/coctelesdelobos\/coctel-owl\/\">&#8220;Flor de Lobo&#8221;<\/a><\/p>\t\t\t\t\t\t<\/div>\n\t\t\t\t\t\t\t\t<\/div>\n\t\t\t\t\t\t\t\t\t<\/div>\n\t\t\t\t\t<\/div>\n\t\t\t\t\t\t\t\t\t\t<div class=\"premium-person-container premium-person-zoomin-effect\">\n\t\t\t\t\t\t<div class=\"premium-person-image-container\">\n\t\t\t\t\t\t<img loading=\"lazy\" decoding=\"async\" width=\"350\" height=\"525\" src=\"https:\/\/camparimx.com\/coctelesdelobos\/wp-content\/uploads\/2025\/10\/MIXOLOGOS22.jpg\" class=\"attachment-full size-full wp-image-1753\" alt=\"\" srcset=\"https:\/\/camparimx.com\/coctelesdelobos\/wp-content\/uploads\/2025\/10\/MIXOLOGOS22.jpg 350w, https:\/\/camparimx.com\/coctelesdelobos\/wp-content\/uploads\/2025\/10\/MIXOLOGOS22-200x300.jpg 200w\" sizes=\"(max-width: 350px) 100vw, 350px\" \/>\t\t\t\t\t\t\t\t\t\t\t\t\t<\/div>\n\t\t\t\t\t\t<div class=\"premium-person-info\">\n\t\t\t\t\t\t\t\t\t\t<div class=\"premium-person-info-container\">\n\t\t\t\t\t\t\t\t\t<h2 class=\"premium-person-name\">Yunehet Alison Gomez Cruz<\/h2>\n\t\t\t\t\t\t\t\t\t\t\t<h4 class=\"premium-person-title\">\n\t\t\t\t\t\t\t<span>Parker &amp; Lenox<\/span>\n\t\t\t\t\t\t<\/h4>\n\t\t\t\t\t\t\t\t\t\t\t<div class=\"premium-person-content\">\n\t\t\t\t\t\t\t<p><a href=\"https:\/\/camparimx.com\/coctelesdelobos\/coctel-parker-lenox\/\">Conocer su creaci\u00f3n<\/a><br \/><a href=\"https:\/\/camparimx.com\/coctelesdelobos\/coctel-parker-lenox\/\">&#8220;Los Dos Lobos&#8221;<\/a><\/p>\t\t\t\t\t\t<\/div>\n\t\t\t\t\t\t\t\t<\/div>\n\t\t\t\t\t\t\t\t\t<\/div>\n\t\t\t\t\t<\/div>\n\t\t\t\t\t\t\t\t\t\t<div class=\"premium-person-container premium-person-zoomin-effect\">\n\t\t\t\t\t\t<div class=\"premium-person-image-container\">\n\t\t\t\t\t\t<img loading=\"lazy\" decoding=\"async\" width=\"350\" height=\"525\" src=\"https:\/\/camparimx.com\/coctelesdelobos\/wp-content\/uploads\/2025\/10\/MIXOLOGOS77.jpg\" class=\"attachment-full size-full wp-image-1754\" alt=\"\" srcset=\"https:\/\/camparimx.com\/coctelesdelobos\/wp-content\/uploads\/2025\/10\/MIXOLOGOS77.jpg 350w, https:\/\/camparimx.com\/coctelesdelobos\/wp-content\/uploads\/2025\/10\/MIXOLOGOS77-200x300.jpg 200w\" sizes=\"(max-width: 350px) 100vw, 350px\" \/>\t\t\t\t\t\t\t\t\t\t\t\t\t<\/div>\n\t\t\t\t\t\t<div class=\"premium-person-info\">\n\t\t\t\t\t\t\t\t\t\t<div class=\"premium-person-info-container\">\n\t\t\t\t\t\t\t\t\t<h2 class=\"premium-person-name\">Martina Marre'<\/h2>\n\t\t\t\t\t\t\t\t\t\t\t<h4 class=\"premium-person-title\">\n\t\t\t\t\t\t\t<span>Selva<\/span>\n\t\t\t\t\t\t<\/h4>\n\t\t\t\t\t\t\t\t\t\t\t<div class=\"premium-person-content\">\n\t\t\t\t\t\t\t<p><a href=\"https:\/\/camparimx.com\/coctelesdelobos\/coctel-selva\/\">Conocer su creaci\u00f3n<\/a><br \/><a href=\"https:\/\/camparimx.com\/coctelesdelobos\/coctel-selva\/\">&#8220;Banquet&#8221;<\/a><\/p>\t\t\t\t\t\t<\/div>\n\t\t\t\t\t\t\t\t<\/div>\n\t\t\t\t\t\t\t\t\t<\/div>\n\t\t\t\t\t<\/div>\n\t\t\t\t\t\t\t\t\t\t<div class=\"premium-person-container premium-person-zoomin-effect\">\n\t\t\t\t\t\t<div class=\"premium-person-image-container\">\n\t\t\t\t\t\t<img loading=\"lazy\" decoding=\"async\" width=\"350\" height=\"525\" src=\"https:\/\/camparimx.com\/coctelesdelobos\/wp-content\/uploads\/2025\/10\/MIXOLOGOS55.jpg\" class=\"attachment-full size-full wp-image-1755\" alt=\"\" srcset=\"https:\/\/camparimx.com\/coctelesdelobos\/wp-content\/uploads\/2025\/10\/MIXOLOGOS55.jpg 350w, https:\/\/camparimx.com\/coctelesdelobos\/wp-content\/uploads\/2025\/10\/MIXOLOGOS55-200x300.jpg 200w\" sizes=\"(max-width: 350px) 100vw, 350px\" \/>\t\t\t\t\t\t\t\t\t\t\t\t\t<\/div>\n\t\t\t\t\t\t<div class=\"premium-person-info\">\n\t\t\t\t\t\t\t\t\t\t<div class=\"premium-person-info-container\">\n\t\t\t\t\t\t\t\t\t<h2 class=\"premium-person-name\">Jorge Eduardo Urbano Almaraz<\/h2>\n\t\t\t\t\t\t\t\t\t\t\t<h4 class=\"premium-person-title\">\n\t\t\t\t\t\t\t<span>San Juan Records<\/span>\n\t\t\t\t\t\t<\/h4>\n\t\t\t\t\t\t\t\t\t\t\t<div class=\"premium-person-content\">\n\t\t\t\t\t\t\t<p><a href=\"https:\/\/camparimx.com\/coctelesdelobos\/coctel-san-juan-records\/\">Conocer su creaci\u00f3n<\/a><br \/><a href=\"https:\/\/camparimx.com\/coctelesdelobos\/coctel-san-juan-records\/\">&#8220;Lobo Domesticado&#8221;<\/a><\/p>\t\t\t\t\t\t<\/div>\n\t\t\t\t\t\t\t\t<\/div>\n\t\t\t\t\t\t\t\t\t<\/div>\n\t\t\t\t\t<\/div>\n\t\t\t\t\t\t\t\t\t\t<div class=\"premium-person-container premium-person-zoomin-effect\">\n\t\t\t\t\t\t<div class=\"premium-person-image-container\">\n\t\t\t\t\t\t<img loading=\"lazy\" decoding=\"async\" width=\"350\" height=\"525\" src=\"https:\/\/camparimx.com\/coctelesdelobos\/wp-content\/uploads\/2025\/10\/MIXOLOGOS88.jpg\" class=\"attachment-full size-full wp-image-1757\" alt=\"\" srcset=\"https:\/\/camparimx.com\/coctelesdelobos\/wp-content\/uploads\/2025\/10\/MIXOLOGOS88.jpg 350w, https:\/\/camparimx.com\/coctelesdelobos\/wp-content\/uploads\/2025\/10\/MIXOLOGOS88-200x300.jpg 200w\" sizes=\"(max-width: 350px) 100vw, 350px\" \/>\t\t\t\t\t\t\t\t\t\t\t\t\t<\/div>\n\t\t\t\t\t\t<div class=\"premium-person-info\">\n\t\t\t\t\t\t\t\t\t\t<div class=\"premium-person-info-container\">\n\t\t\t\t\t\t\t\t\t<h2 class=\"premium-person-name\">Salvador Guzm\u00e1n V\u00e1zquez<\/h2>\n\t\t\t\t\t\t\t\t\t\t\t<h4 class=\"premium-person-title\">\n\t\t\t\t\t\t\t<span>Zapote<\/span>\n\t\t\t\t\t\t<\/h4>\n\t\t\t\t\t\t\t\t\t\t\t<div class=\"premium-person-content\">\n\t\t\t\t\t\t\t<p><a href=\"https:\/\/camparimx.com\/coctelesdelobos\/coctel-zapote\/\">Conocer su creaci\u00f3n<\/a><br \/><a href=\"https:\/\/camparimx.com\/coctelesdelobos\/coctel-zapote\/\">&#8220;Yaxal Womol&#8221;<\/a><\/p>\t\t\t\t\t\t<\/div>\n\t\t\t\t\t\t\t\t<\/div>\n\t\t\t\t\t\t\t\t\t<\/div>\n\t\t\t\t\t<\/div>\n\t\t\t\t\t\t\t<\/div>\n\t\t\t\t\t\t<\/div>\n\t\t\t\t<\/div>\n\t\t\t\t\t<\/div>\n\t\t\t\t<\/div>\n\t\t\t\t<\/div>\n\t\t","protected":false},"excerpt":{"rendered":"<p>LOS MIX\u00d3LOGOS Enrique Sierra Arca Conocer su creaci\u00f3n &#8220;Holy Last Word&#8221; Alan Eduardo Sandoval Neri Caf\u00e9 de Nadie Conocer su creaci\u00f3n &#8220;Linaje&#8221; Didier Vega Flores Cantina Filomeno Conocer su creaci\u00f3n&#8220;Siguiendo la Luna&#8221; Eduardo Fabela Zaragoza Owl Conocer su creaci\u00f3n &#8220;Flor de Lobo&#8221; Yunehet Alison Gomez Cruz Parker &amp; Lenox Conocer su creaci\u00f3n&#8220;Los Dos Lobos&#8221; Martina [&hellip;]<\/p>\n","protected":false},"author":2,"featured_media":0,"parent":0,"menu_order":0,"comment_status":"closed","ping_status":"closed","template":"","meta":{"footnotes":""},"class_list":["post-418","page","type-page","status-publish","hentry"],"_links":{"self":[{"href":"https:\/\/camparimx.com\/coctelesdelobos\/wp-json\/wp\/v2\/pages\/418","targetHints":{"allow":["GET"]}}],"collection":[{"href":"https:\/\/camparimx.com\/coctelesdelobos\/wp-json\/wp\/v2\/pages"}],"about":[{"href":"https:\/\/camparimx.com\/coctelesdelobos\/wp-json\/wp\/v2\/types\/page"}],"author":[{"embeddable":true,"href":"https:\/\/camparimx.com\/coctelesdelobos\/wp-json\/wp\/v2\/users\/2"}],"replies":[{"embeddable":true,"href":"https:\/\/camparimx.com\/coctelesdelobos\/wp-json\/wp\/v2\/comments?post=418"}],"version-history":[{"count":108,"href":"https:\/\/camparimx.com\/coctelesdelobos\/wp-json\/wp\/v2\/pages\/418\/revisions"}],"predecessor-version":[{"id":1760,"href":"https:\/\/camparimx.com\/coctelesdelobos\/wp-json\/wp\/v2\/pages\/418\/revisions\/1760"}],"wp:attachment":[{"href":"https:\/\/camparimx.com\/coctelesdelobos\/wp-json\/wp\/v2\/media?parent=418"}],"curies":[{"name":"wp","href":"https:\/\/api.w.org\/{rel}","templated":true}]}}