{"id":697,"date":"2024-08-13T01:57:44","date_gmt":"2024-08-13T01:57:44","guid":{"rendered":"https:\/\/camparimx.com\/coctelesdelobos\/?page_id=697"},"modified":"2025-07-14T18:53:42","modified_gmt":"2025-07-14T18:53:42","slug":"terminos-y-condiciones","status":"publish","type":"page","link":"https:\/\/camparimx.com\/coctelesdelobos\/terminos-y-condiciones\/","title":{"rendered":"T\u00e9rminos y Condiciones"},"content":{"rendered":"\t\t<div data-elementor-type=\"wp-page\" data-elementor-id=\"697\" class=\"elementor elementor-697\" data-elementor-post-type=\"page\">\n\t\t\t\t<div class=\"elementor-element elementor-element-f24a82e e-flex e-con-boxed e-con e-parent\" data-id=\"f24a82e\" data-element_type=\"container\">\n\t\t\t\t\t<div class=\"e-con-inner\">\n\t\t\t\t<div class=\"elementor-element elementor-element-dfca590 premium-header-inline premium-lq__none premium-box-lq__none elementor-widget elementor-widget-premium-addon-dual-header\" data-id=\"dfca590\" data-element_type=\"widget\" data-widget_type=\"premium-addon-dual-header.default\">\n\t\t\t\t<div class=\"elementor-widget-container\">\n\t\t\t\t\t\n\t\t\t\t\t<h2 class=\"premium-dual-header-first-header \"><span class=\"premium-dual-header-first-span\">T\u00c9RMINOS <\/span><span class=\"premium-dual-header-second-header \">Y CONDICIONES<\/span><\/h2> \t\t\n\t\t\t\t\t\t<\/div>\n\t\t\t\t<\/div>\n\t\t\t\t\t<\/div>\n\t\t\t\t<\/div>\n\t\t<div class=\"elementor-element elementor-element-758cdbf e-flex e-con-boxed e-con e-parent\" data-id=\"758cdbf\" data-element_type=\"container\" data-settings=\"{&quot;background_background&quot;:&quot;classic&quot;}\">\n\t\t\t\t\t<div class=\"e-con-inner\">\n\t\t\t\t<div class=\"elementor-element elementor-element-7f614c4 elementor-widget elementor-widget-text-editor\" data-id=\"7f614c4\" data-element_type=\"widget\" data-widget_type=\"text-editor.default\">\n\t\t\t\t<div class=\"elementor-widget-container\">\n\t\t\t\t\t\t\t\t\t<ol>\n<li><strong> <u>DECLARACIONES DEL RESPONSABLE<\/u>.<\/strong><\/li>\n<\/ol>\n<p><strong>&nbsp;<\/strong><\/p>\n<p><strong>CORONEL CREATIVIDAD PRODUCCI\u00d3N Y COMUNICACI\u00d3N, S.A. DE C.V<\/strong><strong>.<\/strong><strong>,<\/strong> (en adelante la \u201cAgencia\u201d), con domicilio en &nbsp;Rio Amazonas n\u00famero 17, Colonia Cuauht\u00e9moc, C.P. 06500, Ciudad de M\u00e9xico, por instrucciones de CAMPARI M\u00c9XICO, S.A. DE C.V. (en adelante \u201cCampari\u201d), con domicilio en Avenida Am\u00e9ricas No. 1500, piso G-A, Colonia Country Club, 44620, Guadalajara, Jalisco, pone a disposici\u00f3n del USUARIO (seg\u00fan su t\u00e9rmino se define m\u00e1s adelante), el concurso \u201c<strong>C\u00d3CTELES DE LOBOS\u201d<\/strong> (que en lo sucesivo ser\u00e1 denominada el \u201cCONCURSO\u201d) en la cuenta de la red social Instagram de Montelobos (en lo sucesivo \u201cRED SOCIAL\u201d) y en la p\u00e1gina web www.camparimx.com\/coctelesdelobos (en lo sucesivo \u201cP\u00c1GINA WEB\u201d), para que el USUARIO al&nbsp; ingresar al perfil de Montelobos de la \u201cRED SOCIAL\u201d o a la \u201cP\u00c1GINA WEB\u201d, participe por un viaje doble a Oaxaca, el cual se detallar\u00e1 m\u00e1s adelante(que en lo sucesivo ser\u00e1 denominado el \u201cBENEFICIO\u201d) por cumplir con los requisitos de la mec\u00e1nica &nbsp;aqu\u00ed establecida.<\/p>\n<p>La Agencia y\/o Campari se reservan el derecho de modificar, agregar o eliminar unilateralmente, en cualquier momento y sin previo aviso, el \u201cCONCURSO\u201d en la \u201cRED SOCIAL\u201d, as\u00ed como las condiciones aplicables Al presente \u201cCONCURSO\u201d.<\/p>\n<p>Los presentes T\u00e9rminos y Condiciones (que en lo sucesivo ser\u00e1n denominados los \u201cT\u00c9RMINOS Y CONDICIONES\u201d) son aplicables a todas las personas que ingresen a la \u201cRED SOCIAL\u201d y\/o a la p\u00e1gina web [www.camparimx.com\/coctelesdelobos)]y llenen el formulario requerido, por lo que los presentes \u201cT\u00c9RMINOS Y CONDICIONES\u201d constituyen las condiciones generales si \u00e9l o la persona visita la \u201cRED SOCIAL\u201d y\/o la p\u00e1gina web, y\/o consulten y\/o usen su contenido (en adelante el \u201cUSUARIO\u201d). Al participar en el \u201cCONCURSO\u201d de la \u201cRED SOCIAL\u201d y\/o a trav\u00e9s del formulario en la p\u00e1gina web www.camparimx.com\/coctelesdelobos, usted manifiesta que ha le\u00eddo y entendido las condiciones generales del \u201cCONCURSO\u201d, incluyendo sin limitar los presentes \u201cT\u00c9RMINOS Y CONDICIONES\u201d y que acepta obligarse de conformidad con las declaraciones y cl\u00e1usulas que los mismos establecen. Por lo anterior, se recomienda al \u201cUSUARIO\u201d que cada vez que ingrese al \u201cCONCURSO\u201d en los perfiles de la \u201cRED SOCIAL\u201d y\/o a la p\u00e1gina web, lea cuidadosamente los &#8220;T\u00c9RMINOS Y CONDICIONES&#8221; ya que los mismos pueden ser actualizados y\/o modificados por la Agencia y\/o Campari en cualquier momento, sin notificaci\u00f3n personal y expresa directa al \u201cUSUARIO\u201d.<\/p>\n<ol>\n<li><strong><u>DECLARACIONES DEL \u201cUSUARIO<\/u><\/strong>\u201d<\/li>\n<\/ol>\n<p>El \u201cUSUARIO\u201d que ingrese a la \u201cRED SOCIAL\u201d declara por su propio derecho: (i) ser una persona f\u00edsica, mayor de edad y contar con plena capacidad jur\u00eddica y legitimaci\u00f3n para poder obligarse en t\u00e9rminos del presente contrato y para participar en las promociones y\/o concursos que se encuentren en la&nbsp; \u201cRED SOCIAL\u201d y\/o en la \u201cP\u00c1GINA WEB\u201d; (ii) que ha creado de manera unilateral, personal, libre y voluntaria en la \u201cRED SOCIAL\u201d, una cuenta, contrase\u00f1a que lo identifica plenamente; (iii) que acepta y conoce que el uso y manejo de dicha cuenta, y contrase\u00f1a estar\u00e1 en todo momento en su poder sin que la Agencia y \/o Campari&nbsp; tengan acceso a ellas y por lo tanto su uso es de su total responsabilidad, aceptando y\/o ratificando las acciones que&nbsp; que sean realizadas en la \u201cRED SOCIAL\u201d por s\u00ed mismo o por un tercero y que se encuentren asociadas al uso de sus contrase\u00f1as, ser\u00e1n atribuibles al \u201cUSUARIO\u201d de la \u201cRED SOCIAL\u201d; (iv) que los datos ingresados en el formulario de la \u201cP\u00c1GINA WEB\u201d son ingresados de manera unilateral, personal, libre y voluntaria y por lo tanto su&nbsp; ingreso en su total responsabilidad, aceptando y\/o ratificando las acciones que&nbsp; sean realizadas en la \u201cP\u00c1GINA WEB\u201d. Si cualquiera de la informaci\u00f3n proporcionada o las declaraciones aqu\u00ed contenidas carecen de veracidad, ser\u00e1 responsable de los da\u00f1os y perjuicios que le cause a la Agencia\u201d y\/o \u201cCampari\u201d sus accionistas, sus funcionarios, sus representantes o sus empleados incluyendo sin limitar multas, sanciones y se obliga a sacarlos libre y a salvo de cualquier reclamaci\u00f3n o procedimiento iniciado en contra de los antes mencionados.<\/p>\n<p>La participaci\u00f3n del \u201cUSUARIO\u201d en el \u201cCONCURSO\u201d implica el conocimiento y aceptaci\u00f3n total de los presentes \u201cT\u00c9RMINOS Y CONDICIONES\u201d.<\/p>\n<p>Al participar en el \u201cCONCURSO\u201d, el \u201cUSUARIO\u201d se sujetar\u00e1 a las reglas y decisiones de la Agencia y\/o Campari, las cuales tendr\u00e1n car\u00e1cter definitivo y vinculante respecto de todos los asuntos relacionados con el \u201cCONCURSO\u201d.<\/p>\n<p>Cualquier violaci\u00f3n a los presentes \u201cT\u00c9RMINOS Y CONDICIONES\u201d, a las reglas del \u201cCONCURSO\u201d, a las decisiones de la Agencia y\/o \u201cCampari\u201d, as\u00ed como a los procedimientos aqu\u00ed establecidos, implicar\u00e1 la inmediata descalificaci\u00f3n y exclusi\u00f3n del \u201cUSUARIO\u201d y, en su caso, perder\u00e1 el derecho a percibir el \u201cBENEFICIO\u201d.<\/p>\n<p>Asimismo, la Agencia y\/o Campari realizan el presente \u201cCONCURSO\u201d de acuerdo con lo establecido en el art\u00edculo 46 de la Ley Federal de Protecci\u00f3n al Consumidor.&nbsp;<\/p>\n<p><strong><u>III.BASES Y CONDICIONES DEL CONCURSO<\/u><\/strong>.<\/p>\n<p><strong>1.<\/strong>El \u201c<strong>CONCURSO<\/strong>\u201d denominado \u201c<strong>#C\u00d3CTELES DE LOBOS\u201d <\/strong>tendr\u00e1 una vigencia desde las 00:00 horas del 11 de julio del a\u00f1o 2025 hasta las 11:59 horas del 30 de noviembre del a\u00f1o 2025.<\/p>\n<p>En el presente \u201cCONCURSO\u201d \u00fanicamente podr\u00e1n participar personas f\u00edsicas que radiquen en la rep\u00fablica mexicana y sean mayores de edad (18+).<\/p>\n<ol start=\"2\">\n<li><strong>2<\/strong>. Se otorgar\u00e1 un \u00fanico beneficio (el \u201cBeneficio\u201d), consistente en un viaje con todos los gastos pagados para el USUARIO ganador y un acompa\u00f1ante a la ciudad de Oaxaca de Ju\u00e1rez, Oaxaca. Las fechas del viaje, as\u00ed como los lugares a visitar, ser\u00e1n definidos y comunicados oportunamente por la Agencia y\/o Campari al USUARIO ganador.<\/li>\n<\/ol>\n<p>&nbsp;&nbsp; La fecha de premiaci\u00f3n y detalles log\u00edsticos ser\u00e1n notificados al USUARIO ganador con la debida anticipaci\u00f3n para su correcta organizaci\u00f3n y asistencia<\/p>\n<p><strong>3.<\/strong>La Agencia publicar\u00e1 en la cuenta oficial de la \u201cRED SOCIAL\u201d de Montelobos el \u201cCONCURSO\u201d \u201c<strong>#C\u00d3CTELES DE LOBOS<\/strong>\u201d<\/p>\n<p>La mec\u00e1nica del \u201cCONCURSO\u201d ser\u00e1 la siguiente:<\/p>\n<ul>\n<li>Para participar, el \u201cUSUARIO\u201d podr\u00e1 visitar cualquiera de los siguientes centros de consumo ubicados en Guadalajara, Oaxaca, Canc\u00fan, Tulum, Playa del Carmen y la Ciudad de M\u00e9xico:<\/li>\n<\/ul>\n<ol>\n<li>San Juan Records &#8211; Jorge Eduardo Urbano Almaraz &#8211; <em>Lobo Domesticado<\/em><\/li>\n<li>Zapote &#8211; Salvador Guzm\u00e1n V\u00e1zquez &#8211; <em>Yaxal Womol<\/em><\/li>\n<li>Selva &#8211; Martina Marre<span style=\"color: rgb(238, 240, 255); font-family: &quot;Google Sans&quot;, Arial, sans-serif; font-size: 18px; letter-spacing: normal; background-color: rgb(31, 31, 31);\">&#8216;<\/span>&nbsp;\u2013 <em>Banquet<\/em><\/li>\n<li>Arca &#8211; Enrique Sierra &#8211; <em>Holy Last Word<\/em><\/li>\n<li>Cantina Filomeno &#8211; Didier Vega Flores &#8211; <em>Siguiendo La Luna<\/em><\/li>\n<li>Parker &amp; Lennox &#8211; Yunehet Alison G\u00f3mez Cruz &#8211; <em>Dos Lobos<\/em><\/li>\n<li>Owl &#8211; Eduardo Fabela Zaragoza &#8211; <em>Flor de Lobo<\/em><\/li>\n<li>Caf\u00e9 de Nadie &#8211; Alan Eduardo Sandoval &#8211; <em>Linaje<\/em><\/li>\n<\/ol>\n<ul>\n<li>Para participar en el \u201cCONCURSO\u201d, el \u201cUSUARIO\u201d podr\u00e1 visitar cualquiera de los centros de consumo antes mencionados y, en caso de adquirir el c\u00f3ctel creado con Montelobos por el mix\u00f3logo del establecimiento, recibir\u00e1 un c\u00f3digo QR, el cual podr\u00e1 escanear con su dispositivo m\u00f3vil.<\/li>\n<\/ul>\n<ul>\n<li>El c\u00f3digo QR lo dirigir\u00e1 a la p\u00e1gina www.camparimx.com\/coctelesdelobos, donde deber\u00e1 llenar un formulario con la siguiente informaci\u00f3n:<\/li>\n<li>Nombre completo<\/li>\n<li>Correo electr\u00f3nico<\/li>\n<li>Tel\u00e9fono (opcional)<\/li>\n<li>Subir una fotograf\u00eda del c\u00f3ctel (sin manipulaci\u00f3n y sin mostrar personas consumiendo)<\/li>\n<li>Contestar las siguientes preguntas:<\/li>\n<\/ul>\n<p>&nbsp;&nbsp;&nbsp;&nbsp;&nbsp;&nbsp;&nbsp;&nbsp;&nbsp;&nbsp;&nbsp; \u00bfCu\u00e1ntos lobos (del 1 al 5) le das a la presentaci\u00f3n del c\u00f3ctel?<\/p>\n<p>\u00bfCu\u00e1ntos lobos (del 1 al 5) le das al sabor del c\u00f3ctel?<\/p>\n<p>Redactar en m\u00e1ximo 200 caracteres: \u00bfQu\u00e9 es lo que m\u00e1s te gust\u00f3 del c\u00f3ctel?<\/p>\n<p>Aceptar el aviso de privacidad, pol\u00edtica de cookies y los t\u00e9rminos y condiciones del \u201cCONCURSO\u201d mediante el checkbox.<\/p>\n<ul>\n<li>El \u201cUSUARIO\u201d ganador ser\u00e1 seleccionado por la Agencia y\/o Campari con base en:<\/li>\n<li>La creatividad de su respuesta a la pregunta \u201c\u00bfQu\u00e9 es lo que m\u00e1s te gust\u00f3 del c\u00f3ctel?\u201d<\/li>\n<li>El cumplimiento completo de los requisitos establecidos en esta din\u00e1mica.<\/li>\n<li>Una vez seleccionado, la Agencia notificar\u00e1 al \u201cUSUARIO\u201d ganador por correo electr\u00f3nico. Para recibir el \u201cBENEFICIO\u201d, deber\u00e1 acreditar su mayor\u00eda de edad mediante una identificaci\u00f3n oficial vigente (INE o pasaporte).<\/li>\n<li>En caso de que el \u201cUSUARIO\u201d no cumpla con este requisito o con las reglas del \u201cCONCURSO\u201d, perder\u00e1 el derecho al \u201cBENEFICIO\u201d, y la Agencia podr\u00e1 asignarlo a otro participante conforme a los mismos criterios de selecci\u00f3n.<\/li>\n<\/ul>\n<p><strong>Important<\/strong>e:<\/p>\n<p>Es responsabilidad del \u201cUSUARIO\u201d proporcionar oportunamente la documentaci\u00f3n requerida. La Agencia no ser\u00e1 responsable si no puede entregar el \u201cBENEFICIO\u201d por incumplimiento de estos requisitos, en cuyo caso se considerar\u00e1 cancelada su participaci\u00f3n.<\/p>\n<p><strong><u>IV.CONDICIONES PARA PARTICIPAR.<\/u><\/strong><\/p>\n<ol>\n<li>Radicar en la Rep\u00fablica Mexicana y ser mayor de edad.<\/li>\n<\/ol>\n<ol start=\"2\">\n<li>Los participantes aceptan cumplir con todas las restricciones y condiciones del presente \u201cCONCURSO\u201d.<\/li>\n<\/ol>\n<p>3.La Agencia se reserva expresamente el derecho de descalificar a cualquier \u201cUSUARIO\u201d del cual se tenga duda o sospecha que est\u00e9 actuando en contra de las reglas previamente se\u00f1aladas.<\/p>\n<p>4.En caso de que un \u201cUSUARIO\u201d se considere como posible ganador, la Agencia le podr\u00e1 solicitar datos, que ser\u00e1n <strong><u>esenciales<\/u><\/strong> para la entrega del \u201cBENEFICIO\u201d. Se entiende que un \u201cUSUARIO\u201d es acreedor del \u201cBENEFICIO\u201d cuando cumple con los requisitos establecidos en los presentes \u201cTERMINOS Y CONDICIONES\u201d y env\u00ede la informaci\u00f3n solicitada en tiempo y forma.<\/p>\n<ol start=\"5\">\n<li>Si por cualquier motivo el \u201cCONCURSO\u201d no puede llevarse a cabo como estaba previsto, incluyendo entre otros, infecciones por virus, errores t\u00e9cnicos, manipulaci\u00f3n, intervenci\u00f3n no autorizada, fraude, fallas t\u00e9cnicas u otras causas que afecten la administraci\u00f3n, seguridad, equidad, integridad o correcta realizaci\u00f3n del \u201cCONCURSO\u201d, la Agencia se reserva el derecho, a su exclusiva discreci\u00f3n, de cancelar, suspender modificar o terminar el \u201cCONCURSO\u201d previo aviso a las autoridades correspondientes y al \u201cUSUARIO\u201d, siempre y cuando no vulnere de manera sustancial los derechos de participaci\u00f3n del \u201cUSUARIO\u201d..<\/li>\n<\/ol>\n<ol start=\"6\">\n<li>De as\u00ed requerirse, el \u201cUSUARIO\u201d que resulte acreedor de alg\u00fan \u201cBENEFICIO\u201d otorga el derecho de usar, reproducir, transmitir y retransmitir su nombre e imagen, sin limitaci\u00f3n alguna, en las fotos y anuncios que se difundan en cualquier medio de comunicaci\u00f3n y materiales relacionados con el \u201cCONCURSO\u201d. Esto se har\u00e1 sin remuneraci\u00f3n adicional.<\/li>\n<\/ol>\n<p>7.El presente \u201cCONCURSO\u201d est\u00e1 dirigido exclusivamente a personas f\u00edsicas mayores de edad, por lo que en caso de que se detecte a alg\u00fan \u201cUSUARIO\u201d menor de edad participando, ser\u00e1 descalificado y no se entregar\u00e1 \u201cBENEFICIO\u201d alguno, liberando de cualquier responsabilidad a la Agencia y\/o Campari por la cancelaci\u00f3n de dicho \u201cBENEFICIO\u201d.<\/p>\n<p>8.Las decisiones que tome la Agencia con respecto del \u201cCONCURSO\u201d ser\u00e1n definitivas e inapelables.<\/p>\n<p><strong><u>Importante:<\/u><\/strong> Si por causas ajenas a la Agencia y\/o Campari se suspendiera, modificara, alterara o de cualquier forma se viera imposibilitados el ganador a disfrutar del \u201cBENEFICIO\u201d o de la actividad programada, la Agencia y\/o Campari se reservan el derecho de otorgar opcionalmente alg\u00fan incentivo igual o similar al \u201cBENEFICIO\u201d al que el participante se hizo acreedor.<\/p>\n<p>9.El l \u201cBENEFICIO\u201d consiste en un viaje con fecha, hora y lugar previamente determinados por la Agencia y\/o Campari.<\/p>\n<p>Si el \u201cUSUARIO\u201d ganador no se presenta o no hace uso del \u201cBENEFICIO\u201d en el momento indicado, perder\u00e1 autom\u00e1ticamente el derecho a redimirlo, sin posibilidad de reprogramaci\u00f3n, sustituci\u00f3n ni compensaci\u00f3n alguna.<\/p>\n<p>10.La Agencia no acepta ninguna responsabilidad por cualquier falla t\u00e9cnica o un funcionamiento defectuoso o cualquier otro problema con la red que est\u00e9 conectado en l\u00ednea al sistema, servidores, o proveedores de otro tipo, que puede ser el resultado de cualquier contenido o entrada en el \u201cCONCURSO\u201d que no est\u00e9 correctamente registrado, ni ser\u00e1n responsables en caso de que alg\u00fan \u201cUSUARIO\u201d sufra intermitencias en su red durante el llenado del formulario.<\/p>\n<ol start=\"11\">\n<li>La Agencia se reserva el derecho de retirar de la \u201cRED SOCIAL\u201d y del \u201cCONCURSO\u201d cualquier contenido que, a su juicio o al de Campari, infrinja sus pol\u00edticas, resulte ofensivo, obsceno o difamatorio.<\/li>\n<\/ol>\n<p>12.Posterior a la entrega del incentivo, Campari se exonera de cualquier responsabilidad u obligaci\u00f3n con el \u201cUSUARIO\u201d ganador.<\/p>\n<ol start=\"13\">\n<li>Montelobos es una marca registrada sujeta a derechos de propiedad industrial y protegida por la legislaci\u00f3n nacional e internacional y no podr\u00e1 ser alterada, modificada, ni utilizada para fines distintos a los de este \u201cCONCURSO\u201d.<\/li>\n<\/ol>\n<ol>\n<li><strong><u> RESPONSABILIDADES PARA EL USUARIO<\/u><\/strong><strong>.<\/strong><\/li>\n<\/ol>\n<p><strong>&nbsp;<\/strong><\/p>\n<p>El \u201cUSUARIO\u201d es responsable de la veracidad y exactitud de los datos proporcionados al momento de registrarse en la plataforma. La participaci\u00f3n con datos falsos, incompletos o de terceros ser\u00e1 causa de descalificaci\u00f3n autom\u00e1tica, sin derecho a reclamar el \u201cBENEFICIO\u201d.<\/p>\n<p>Queda estrictamente prohibido subir, compartir o registrar contenido ofensivo, violento, discriminatorio, sexual, pol\u00edtico, que promueva el consumo de sustancias, alcohol o tabaco, o que vulnere derechos de terceros. En caso de detectarse este tipo de contenido, el \u201cUSUARIO\u201d ser\u00e1 eliminado de la plataforma y del \u201cCONCURSO\u201d sin previo aviso.<\/p>\n<p>Asimismo, la Agencia y\/o Campari se reservan el derecho de excluir a cualquier \u201cUSUARIO\u201d si se presume que ha incurrido en fraude, manipulaci\u00f3n del sistema o cualquier pr\u00e1ctica que contravenga el esp\u00edritu del \u201cCONCURSO\u201d o las presentes bases.<\/p>\n<ol>\n<li><strong><u> ADVERTENCIA. <\/u><\/strong><\/li>\n<\/ol>\n<p><strong><u>&nbsp;<\/u><\/strong><\/p>\n<p>Cualquier intento, hecho por cualquier persona, de da\u00f1ar o alterar deliberadamente el sitio web, la plataforma de participaci\u00f3n y\/o las redes sociales relacionadas con este \u201cCONCURSO\u201d, o de interferir en su operaci\u00f3n leg\u00edtima, podr\u00e1 constituir una violaci\u00f3n a lo dispuesto en el C\u00f3digo Penal Federal (art\u00edculos 211 bis y siguientes) y en el C\u00f3digo Civil Federal (art\u00edculos 1910 y siguientes).<\/p>\n<p>En consecuencia, la Agencia y\/o Campari se reservan el derecho de ejercer las acciones legales correspondientes, incluidas reclamaciones por da\u00f1os y perjuicios, ante las autoridades competentes.<\/p>\n<p>Asimismo, se descalificar\u00e1 del \u201cCONCURSO\u201d a cualquier persona que ponga en riesgo su integridad y correcto desarrollo, incluyendo a quienes utilicen pr\u00e1cticas desleales, como el uso de m\u00faltiples registros, herramientas automatizadas, perfiles falsos o cualquier intento de manipulaci\u00f3n del sistema, sin responsabilidad alguna para la Agencia y\/o Campari..<\/p>\n<p><strong><u>VII. AUTORIZACI\u00d3N.<\/u><\/strong><\/p>\n<p>El \u201cUSUARIO\u201d que resulte ganador de este \u201cCONCURSO\u201d, autoriza expresa e irrevocablemente a la Agencia a difundir en los medios que estime conveniente, el nombre del perfil con el cual se encuentra registrado en la red social, fotograf\u00edas y uso de imagen o retrato, videos y en general todos aquellos datos que pudieran requerirse con motivo de la difusi\u00f3n de este \u201cCONCURSO\u201d, renunciando expresa e irrevocablemente, desde la aceptaci\u00f3n de las bases, a cualquier tipo de compensaci\u00f3n econ\u00f3mica, remuneraci\u00f3n, regal\u00eda o retribuci\u00f3n alguna por dicho uso.<\/p>\n<p>La Agencia se compromete a que la difusi\u00f3n de im\u00e1genes y contenido relacionados con el concurso ser\u00e1 realizada de manera responsable, sin promover ni incentivar el consumo de bebidas alcoh\u00f3licas.<\/p>\n<p><strong><u>VIII. PRIVACIDAD Y PROTECCI\u00d3N DE DATOS PERSONALES.<\/u><\/strong><\/p>\n<p>La Agencia manifiesta que ha adoptado los niveles de seguridad de protecci\u00f3n de datos personales legalmente requeridos y procura instalar aquellos otros medios y medidas t\u00e9cnicas adicionales a su alcance para evitar la p\u00e9rdida, mal uso, alteraci\u00f3n, acceso no autorizado y robo, por lo que el \u00fanico responsable de proteger los datos Personales del \u201cUSUARIO\u201d es la Agencia deslindando de cualquier reclamaci\u00f3n presente y\/o futura a Campari.<\/p>\n<p>Asimismo, el \u201cUSUARIO\u201d podr\u00e1 consultar el Aviso de privacidad en <u>https:\/\/camparimx.com\/coctelesdelobos\/politica-privacidad<\/u>, y acepta sus t\u00e9rminos al participar en el \u201cCONCURSO\u201d.<\/p>\n<p><strong><u>XI.MODIFICACIONES A LOS T\u00c9RMINOS Y CONDICIONES.&nbsp;<\/u><\/strong><\/p>\n<p>La Agencia se reserva el derecho de ampliar o modificar en cualquier momento los presentes \u201cT\u00c9RMINOS Y CONDICIONES\u201d, por lo que el participante deber\u00e1 consultar las bases y condiciones constantemente y hasta el t\u00e9rmino del \u201cCONCURSO\u201d.<\/p>\n<p>En caso de cualquier queja que pueda surgir con respecto a los presentes \u201cT\u00c9RMINOS Y CONDICIONES\u201d, as\u00ed como con el \u201cCONCURSO\u201d, el \u201cUSUARIO\u201d acepta y reconoce que deber\u00e1 dirigirla a la Agencia por medio del portal de PROFECO denominado \u201cConcilianet\u201d, cuya liga es la siguiente: <a href=\"https:\/\/concilianet.profeco.gob.mx\/Concilianet\/inicio.jsp\">https:\/\/concilianet.profeco.gob.mx\/Concilianet\/inicio.jsp<\/a>., liberando de cualquier responsabilidad derivada de la presente \u201cCONCURSO\u201d a Campari.<\/p>\n<ol>\n<li><strong><u> PUBLICIDAD RESPONSABLE:<\/u><\/strong><\/li>\n<\/ol>\n<p>El presente \u201cCONCURSO\u201d y todas las comunicaciones asociadas cumplen con lo establecido en el Reglamento de la Ley General de Salud en materia de Publicidad, y en ning\u00fan caso tienen por objeto promover, incentivar ni exaltar el consumo de bebidas alcoh\u00f3licas.<\/p>\n<p>La promoci\u00f3n est\u00e1 dirigida exclusivamente a personas mayores de edad, y su difusi\u00f3n se realizar\u00e1 bajo criterios de responsabilidad social. En todo momento, se evitar\u00e1 cualquier mensaje o representaci\u00f3n que fomente el consumo excesivo o irresponsable.<\/p>\n<p>Asimismo, la leyenda precautoria se incluir\u00e1 de forma clara y visible en todos los medios y materiales asociados a la promoci\u00f3n.<\/p>\t\t\t\t\t\t\t\t<\/div>\n\t\t\t\t<\/div>\n\t\t\t\t\t<\/div>\n\t\t\t\t<\/div>\n\t\t\t\t<\/div>\n\t\t","protected":false},"excerpt":{"rendered":"<p>T\u00c9RMINOS Y CONDICIONES DECLARACIONES DEL RESPONSABLE. &nbsp; CORONEL CREATIVIDAD PRODUCCI\u00d3N Y COMUNICACI\u00d3N, S.A. DE C.V., (en adelante la \u201cAgencia\u201d), con domicilio en &nbsp;Rio Amazonas n\u00famero 17, Colonia Cuauht\u00e9moc, C.P. 06500, Ciudad de M\u00e9xico, por instrucciones de CAMPARI M\u00c9XICO, S.A. DE C.V. (en adelante \u201cCampari\u201d), con domicilio en Avenida Am\u00e9ricas No. 1500, piso G-A, Colonia Country [&hellip;]<\/p>\n","protected":false},"author":2,"featured_media":0,"parent":0,"menu_order":0,"comment_status":"closed","ping_status":"closed","template":"","meta":{"footnotes":""},"class_list":["post-697","page","type-page","status-publish","hentry"],"_links":{"self":[{"href":"https:\/\/camparimx.com\/coctelesdelobos\/wp-json\/wp\/v2\/pages\/697","targetHints":{"allow":["GET"]}}],"collection":[{"href":"https:\/\/camparimx.com\/coctelesdelobos\/wp-json\/wp\/v2\/pages"}],"about":[{"href":"https:\/\/camparimx.com\/coctelesdelobos\/wp-json\/wp\/v2\/types\/page"}],"author":[{"embeddable":true,"href":"https:\/\/camparimx.com\/coctelesdelobos\/wp-json\/wp\/v2\/users\/2"}],"replies":[{"embeddable":true,"href":"https:\/\/camparimx.com\/coctelesdelobos\/wp-json\/wp\/v2\/comments?post=697"}],"version-history":[{"count":13,"href":"https:\/\/camparimx.com\/coctelesdelobos\/wp-json\/wp\/v2\/pages\/697\/revisions"}],"predecessor-version":[{"id":1677,"href":"https:\/\/camparimx.com\/coctelesdelobos\/wp-json\/wp\/v2\/pages\/697\/revisions\/1677"}],"wp:attachment":[{"href":"https:\/\/camparimx.com\/coctelesdelobos\/wp-json\/wp\/v2\/media?parent=697"}],"curies":[{"name":"wp","href":"https:\/\/api.w.org\/{rel}","templated":true}]}}