{"id":1868,"date":"2025-08-22T17:53:56","date_gmt":"2025-08-22T17:53:56","guid":{"rendered":"https:\/\/camparimx.com\/negroniweek\/?page_id=1868"},"modified":"2025-10-03T15:06:33","modified_gmt":"2025-10-03T15:06:33","slug":"metodos-de-pago","status":"publish","type":"page","link":"https:\/\/camparimx.com\/negroniweek\/metodos-de-pago\/","title":{"rendered":"M\u00c9TODOS DE PAGO"},"content":{"rendered":"\t\t<div data-elementor-type=\"wp-page\" data-elementor-id=\"1868\" class=\"elementor elementor-1868\" data-elementor-post-type=\"page\">\n\t\t\t\t<div class=\"elementor-element elementor-element-19075b2c e-flex e-con-boxed e-con e-parent\" data-id=\"19075b2c\" data-element_type=\"container\">\n\t\t\t\t\t<div class=\"e-con-inner\">\n\t\t\t\t<div class=\"elementor-element elementor-element-4ecb8f63 elementor-widget elementor-widget-spacer\" data-id=\"4ecb8f63\" data-element_type=\"widget\" data-widget_type=\"spacer.default\">\n\t\t\t\t<div class=\"elementor-widget-container\">\n\t\t\t\t\t\t\t<div class=\"elementor-spacer\">\n\t\t\t<div class=\"elementor-spacer-inner\"><\/div>\n\t\t<\/div>\n\t\t\t\t\t\t<\/div>\n\t\t\t\t<\/div>\n\t\t\t\t\t<\/div>\n\t\t\t\t<\/div>\n\t\t<div class=\"elementor-element elementor-element-e5bb8d6 e-flex e-con-boxed e-con e-parent\" data-id=\"e5bb8d6\" data-element_type=\"container\">\n\t\t\t\t\t<div class=\"e-con-inner\">\n\t\t\t\t<div class=\"elementor-element elementor-element-9120b39 elementor-widget elementor-widget-text-editor\" data-id=\"9120b39\" data-element_type=\"widget\" data-widget_type=\"text-editor.default\">\n\t\t\t\t<div class=\"elementor-widget-container\">\n\t\t\t\t\t\t\t\t\t<h1><strong>M\u00c9TODOS DE PAGO<\/strong><\/h1>\n<p>Los precios y condiciones de pago publicados en nuestra tienda en l\u00ednea son exclusivos para compras realizadas en este sitio web y pueden diferir de los ofrecidos en eventos especiales.<\/p>\n<p>Todas las transacciones con tarjeta son procesadas de forma segura a trav\u00e9s de:<\/p>\n<ol>\n<li><strong> Tarjeta de Cr\u00e9dito o D\u00e9bito<\/strong><\/li>\n<\/ol>\n<ul>\n<li>Aceptamos Visa, Mastercard y American Express.<\/li>\n<li>Para pagar, selecciona esta opci\u00f3n al finalizar la compra e ingresa los datos de tu tarjeta.<\/li>\n<li>Si los datos de registro y pago no coinciden, podremos rechazar el pedido o contactarte para confirmarlos en un plazo m\u00e1ximo de 3 d\u00edas h\u00e1biles.<\/li>\n<li>El plazo de entrega comienza a partir del 10 de septiembre del a\u00f1o 2025 y una vez validados los conusmos, aprobados las \u00f3rdenes y confirmado el pago.<\/li>\n<li>Confirmaremos tu pedido por correo electr\u00f3nico en un m\u00e1ximo de 48 horas h\u00e1biles despu\u00e9s de que [_] valide el pago.<\/li>\n<li>Revisa tu carpeta de correo no deseado, ya que nuestros mensajes pueden llegar ah\u00ed.<\/li>\n<\/ul>\n<p><strong>Si tu pago es rechazado<\/strong>:<\/p>\n<ul>\n<li>Verifica que los datos sean correctos.<\/li>\n<li>Consulta con tu banco por saldo insuficiente, bloqueos o rechazos por error.<\/li>\n<li>Revisa tu correo, ya que podr\u00edamos solicitar informaci\u00f3n adicional.<\/li>\n<\/ul>\n<p>No es posible pagar con dos tarjetas distintas.<\/p>\n<p><\/p>\n<ol start=\"2\">\n<li><strong> Vale Electr\u00f3nico (C\u00f3digo de Descuento<\/strong><strong>)<\/strong><\/li>\n<\/ol>\n<ul>\n<li>Puedes usarlo si lo obtuviste por devoluci\u00f3n o cambio en compras previas en nuestra tienda en l\u00ednea.<\/li>\n<li>Vigencia: 6 meses desde su emisi\u00f3n.<\/li>\n<li>Solo v\u00e1lido para compras en nuestra tienda en l\u00ednea.<\/li>\n<li>Si el valor del c\u00f3digo es menor que el total de tu compra, podr\u00e1s pagar la diferencia con cualquier otro m\u00e9todo disponible.<\/li>\n<li>Si el valor es mayor, podr\u00e1s usar el saldo restante en compras posteriores dentro del periodo de vigencia.<\/li>\n<\/ul>\n<ol start=\"3\">\n<li><strong> Confirmaci\u00f3n de Pago<\/strong><\/li>\n<\/ol>\n<ul>\n<li>Siempre recibir\u00e1s un correo de confirmaci\u00f3n al finalizar la compra.<\/li>\n<li>Si el plazo indicado ya venci\u00f3 y no recibiste confirmaci\u00f3n, cont\u00e1ctanos al correo contacto@crantzandstern.com<\/li>\n<\/ul>\n<p><\/p>\n<p><\/p>\t\t\t\t\t\t\t\t<\/div>\n\t\t\t\t<\/div>\n\t\t\t\t\t<\/div>\n\t\t\t\t<\/div>\n\t\t\t\t<\/div>\n\t\t","protected":false},"excerpt":{"rendered":"<p>M\u00c9TODOS DE PAGO Los precios y condiciones de pago publicados en nuestra tienda en l\u00ednea son exclusivos para compras realizadas en este sitio web y pueden diferir de los ofrecidos en eventos especiales. Todas las transacciones con tarjeta son procesadas de forma segura a trav\u00e9s de: Tarjeta de Cr\u00e9dito o D\u00e9bito Aceptamos Visa, Mastercard y [&hellip;]<\/p>\n","protected":false},"author":1,"featured_media":0,"parent":0,"menu_order":0,"comment_status":"closed","ping_status":"closed","template":"elementor_header_footer","meta":{"footnotes":""},"class_list":["post-1868","page","type-page","status-publish","hentry"],"_links":{"self":[{"href":"https:\/\/camparimx.com\/negroniweek\/wp-json\/wp\/v2\/pages\/1868","targetHints":{"allow":["GET"]}}],"collection":[{"href":"https:\/\/camparimx.com\/negroniweek\/wp-json\/wp\/v2\/pages"}],"about":[{"href":"https:\/\/camparimx.com\/negroniweek\/wp-json\/wp\/v2\/types\/page"}],"author":[{"embeddable":true,"href":"https:\/\/camparimx.com\/negroniweek\/wp-json\/wp\/v2\/users\/1"}],"replies":[{"embeddable":true,"href":"https:\/\/camparimx.com\/negroniweek\/wp-json\/wp\/v2\/comments?post=1868"}],"version-history":[{"count":7,"href":"https:\/\/camparimx.com\/negroniweek\/wp-json\/wp\/v2\/pages\/1868\/revisions"}],"predecessor-version":[{"id":2675,"href":"https:\/\/camparimx.com\/negroniweek\/wp-json\/wp\/v2\/pages\/1868\/revisions\/2675"}],"wp:attachment":[{"href":"https:\/\/camparimx.com\/negroniweek\/wp-json\/wp\/v2\/media?parent=1868"}],"curies":[{"name":"wp","href":"https:\/\/api.w.org\/{rel}","templated":true}]}}