{"id":1873,"date":"2025-08-22T17:56:48","date_gmt":"2025-08-22T17:56:48","guid":{"rendered":"https:\/\/camparimx.com\/negroniweek\/?page_id=1873"},"modified":"2025-10-03T14:57:04","modified_gmt":"2025-10-03T14:57:04","slug":"terminos-y-condiciones-negroni-coins","status":"publish","type":"page","link":"https:\/\/camparimx.com\/negroniweek\/terminos-y-condiciones-negroni-coins\/","title":{"rendered":"T\u00e9rminos y Condiciones Negroni Coins"},"content":{"rendered":"\t\t<div data-elementor-type=\"wp-page\" data-elementor-id=\"1873\" class=\"elementor elementor-1873\" data-elementor-post-type=\"page\">\n\t\t\t\t<div class=\"elementor-element elementor-element-19075b2c e-flex e-con-boxed e-con e-parent\" data-id=\"19075b2c\" data-element_type=\"container\">\n\t\t\t\t\t<div class=\"e-con-inner\">\n\t\t\t\t<div class=\"elementor-element elementor-element-4ecb8f63 elementor-widget elementor-widget-spacer\" data-id=\"4ecb8f63\" data-element_type=\"widget\" data-widget_type=\"spacer.default\">\n\t\t\t\t<div class=\"elementor-widget-container\">\n\t\t\t\t\t\t\t<div class=\"elementor-spacer\">\n\t\t\t<div class=\"elementor-spacer-inner\"><\/div>\n\t\t<\/div>\n\t\t\t\t\t\t<\/div>\n\t\t\t\t<\/div>\n\t\t\t\t\t<\/div>\n\t\t\t\t<\/div>\n\t\t<div class=\"elementor-element elementor-element-e5bb8d6 e-flex e-con-boxed e-con e-parent\" data-id=\"e5bb8d6\" data-element_type=\"container\">\n\t\t\t\t\t<div class=\"e-con-inner\">\n\t\t\t\t<div class=\"elementor-element elementor-element-9120b39 elementor-widget elementor-widget-text-editor\" data-id=\"9120b39\" data-element_type=\"widget\" data-widget_type=\"text-editor.default\">\n\t\t\t\t<div class=\"elementor-widget-container\">\n\t\t\t\t\t\t\t\t\t<h1><strong>T\u00c9RMINOS Y CONDICIONES DE LA PROMOCI\u00d3N \u201cNEGRONI COINS<\/strong><strong>\u201d<\/strong><\/h1>\n<p><\/p>\n<ol>\n<li><strong>Nombre y Responsable de la Promoci\u00f3n<\/strong><\/li>\n<\/ol>\n<p>La presente promoci\u00f3n se denomina \u201cNegroni Coins\u201d (en adelante, la \u201cPromoci\u00f3n\u201d), organizada por Campari M\u00e9xico, S.A. de C.V. (\u201cCampari\u201d). La operaci\u00f3n diaria de la plataforma digital y la gesti\u00f3n t\u00e9cnica de la Promoci\u00f3n estar\u00e1 a cargo de Crantz &amp; Stern (en adelante, la \u201cAgencia\u201d), actuando bajo instrucciones de Campari.<\/p>\n<ol start=\"2\">\n<li><strong>Vigencia<\/strong><\/li>\n<\/ol>\n<p>La Promoci\u00f3n estar\u00e1 vigente del 22 de agosto de 2025 a las 00:01 horas hasta el 30 de septiembre de 2025 a las 23:59 horas, horario de la Ciudad de M\u00e9xico.<\/p>\n<p>Las compras y el registro de tickets deber\u00e1n realizarse dentro de este periodo. No se aceptar\u00e1n registros posteriores.<\/p>\n<ol start=\"3\">\n<li><strong>Participantes<\/strong><\/li>\n<\/ol>\n<p>Podr\u00e1n participar personas f\u00edsicas mayores de edad, con domicilio en los Estados Unidos Mexicanos M\u00e9xico, que cumplan con los presentes T\u00e9rminos y Condiciones, se registren como Usuario en la plataforma y realicen compras v\u00e1lidas en los centros de consumo participantes o en establecimientos autorizados.<\/p>\n<p>Para efectos de esta Promoci\u00f3n, se entender\u00e1 por Usuario a la persona f\u00edsica que cumple con los requisitos anteriores y administra su cuenta en la plataforma para acumular y canjear Negroni Coins (en lo sucesivo \u201cUsuario\u201d.<\/p>\n<ol start=\"4\">\n<li><strong>Mec\u00e1nica de la Promoci\u00f3n<\/strong><\/li>\n<\/ol>\n<p><strong>&nbsp;<\/strong><\/p>\n<ol>\n<li>En centros de consumo participantes:<\/li>\n<\/ol>\n<ul>\n<li>El Usuario podr\u00e1n canjear sus tickets de consumo de cocteles negroni por un monto equivalente a $250.00 (doscientos cincuenta pesos 00\/100 moneda nacional (en lo sucesivo, \u201cNegroni Coins\u201d) para acumular y canjear por la siguiente mercanc\u00eda oficial Campari:<\/li>\n<li>hoodies,<\/li>\n<li>gorras,<\/li>\n<li>tarjeteros,<\/li>\n<li>pasaporteras,<\/li>\n<li>tarjetero para celular<\/li>\n<li>El Usuario podr\u00e1 acumular Negroni Coins en su cuenta y utilizarlas durante la vigencia de la Promoci\u00f3n. Alternativamente, la mercanc\u00eda podr\u00e1 adquirirse sin necesidad de acumular Negroni Coins, a trav\u00e9s de pago con tarjeta de cr\u00e9dito o d\u00e9bito en la plataforma.<\/li>\n<\/ul>\n<ol>\n<li>En establecimientos autorizados:<\/li>\n<\/ol>\n<ul>\n<li>El Usuario podr\u00e1n acumular Negroni Coins por la compra de las siguientes botellas individuales y\/o combos participantes:<\/li>\n<li>Campari,<\/li>\n<li>Bulldog<\/li>\n<li>Cinzano Rosso<\/li>\n<li>La acumulaci\u00f3n y canje se realizar\u00e1n mediante registro de tickets <a href=\"https:\/\/camparimx.com\/negroniweek\/\">https:\/\/camparimx.com\/negroniweek\/<\/a> El Usuario deber\u00e1 crear una cuenta personal para registrar sus tickets y administrar su saldo de Negroni Coins.<\/li>\n<li>La compra directa de mercanc\u00eda tambi\u00e9n estar\u00e1 disponible, sin necesidad de acumular Negroni Coins.<\/li>\n<li>Se aplicar\u00e1 un l\u00edmite m\u00e1ximo de 12 (doce) botellas por ticket; cualquier compra que exceda esta cantidad se considerar\u00e1 compra mayorista y no ser\u00e1 v\u00e1lida para la promoci\u00f3n, con el fin de evitar o controlar la reventa de mercanc\u00eda.<\/li>\n<\/ul>\n<p><strong>Canje de mercanc\u00eda<\/strong><\/p>\n<p><\/p>\n<p><strong>Equivalencia y Validez<\/strong><\/p>\n<ul>\n<li>Cada Negroni Coin equivale a $1.00 (un peso 00\/100 moneda nacional).<\/li>\n<li>El canje de mercanc\u00eda requerir\u00e1 el uso de Negroni Coins y, en su caso, un pago adicional en dinero, conforme a la tabla de precios y equivalencias publicada en la plataforma durante la vigencia de la Promoci\u00f3n.<\/li>\n<li>Las compras y tickets ser\u00e1n v\u00e1lidos s\u00f3lo si fueron emitidos durante la vigencia se\u00f1alada.<\/li>\n<li>El pago adicional en dinero no es reembolsable y deber\u00e1 completarse al momento de realizar el canje.<\/li>\n<li>Los Negroni Coins acumulados caducar\u00e1n al t\u00e9rmino de la Promoci\u00f3n y no podr\u00e1n canjearse posteriormente.<\/li>\n<\/ul>\n<p><strong>Registro y Validaci\u00f3n<\/strong><\/p>\n<p>Los participantes deber\u00e1n registrarse y crear un usuario en la plataforma para poder registrar tickets y acumular Negroni Coins.<\/p>\n<p>Para registrar un ticket, se deber\u00e1 adjuntar fotograf\u00eda legible que muestre:<\/p>\n<ul>\n<li>Ticket de compra<\/li>\n<\/ul>\n<p>Campari y\/o la Agencia se reservan el derecho de validar la autenticidad de los tickets y compras registradas, as\u00ed como de cancelar o suspender al usuario que incumpla las reglas o detecten irregularidades.<\/p>\n<p>Campari se reserva el derecho de realizar revisiones y verificaciones razonables en las cuentas y movimientos del Usuario para prevenir y detectar posibles fraudes, abusos o incumplimientos a estos T\u00e9rminos y Condiciones.<\/p>\n<p><strong>Limitaciones y Responsabilidades<\/strong><\/p>\n<ul>\n<li>Los Negroni Coins son personales, intransferibles y no canjeables por dinero en efectivo.<\/li>\n<li>La entrega de mercanc\u00eda est\u00e1 sujeta al pago total en Negroni Coins y, cuando corresponda, del monto adicional en dinero seg\u00fan el producto solicitado.<\/li>\n<li>La disponibilidad de los productos es limitada, CAMPARI M\u00c9XICO, S.A. DE C.V. Y Crantz &amp; Stern, S.A. de C.V.&nbsp; se reservan el derecho de cambiar, sustituir, cancelar las ordenes que incluyan productos que al momento validar los consumos del usuario ya se hayan agotado.<\/li>\n<\/ul>\n<ul>\n<li>Campari no ser\u00e1 responsable por fallas t\u00e9cnicas, interrupciones o errores en la plataforma, p\u00e9rdida o da\u00f1o de tickets, problemas en la entrega de mercanc\u00eda ni por cualquier otro aspecto operativo, ya que todas estas responsabilidades corresponden exclusivamente a la Agencia.<\/li>\n<li>La Agencia ser\u00e1 la \u00fanica responsable de la operaci\u00f3n t\u00e9cnica de la plataforma, soporte al Usuario y entrega de mercanc\u00eda, as\u00ed como de cualquier incidencia relacionada con dichos servicios.<\/li>\n<li>Campari act\u00faa \u00fanicamente como organizador de la Promoci\u00f3n y no asume responsabilidad por aspectos operativos o t\u00e9cnicos que correspondan a la Agencia.<\/li>\n<li>Campari y la Agencia no ser\u00e1n responsables por da\u00f1os o p\u00e9rdidas derivadas de accesos no autorizados, fraudes o mal uso de las cuentas por parte del Usuario.<\/li>\n<li>Esta Promoci\u00f3n no es acumulable con otras ofertas, descuentos o promociones vigentes de Campari.<\/li>\n<\/ul>\n<p><strong>Protecci\u00f3n de Datos<\/strong><\/p>\n<p>Los datos personales recabados ser\u00e1n tratados conforme al Aviso de Privacidad disponible en https:\/\/camparimx.com\/negroniweek\/aviso-de-privacidad-2\/<\/p>\n<p>Al registrarse, el usuario acepta recibir notificaciones y comunicaciones relacionadas con la Promoci\u00f3n por correo electr\u00f3nico o mensaje SMS.<\/p>\n<p><strong>Modificaciones y Cancelaciones<\/strong><\/p>\n<p>Campari y la Agencia se reservan el derecho de modificar, suspender o cancelar la Promoci\u00f3n o el sitio web en cualquier momento, por causas t\u00e9cnicas, legales o de fuerza mayor, sin previo aviso y sin responsabilidad alguna, por lo que el Usuario deber\u00e1 consultar los t\u00e9rminos y condiciones en el sitio web de la promoci\u00f3n.<\/p>\n<p><strong>Uso de Imagen y Materiales<\/strong><\/p>\n<p>Al participar, el Usuario autoriza a Campari y la Agencia a utilizar su nombre, imagen y contenido generado para fines promocionales sin compensaci\u00f3n alguna.<\/p>\n<p><strong>Ley Aplicable y Jurisdicci\u00f3n<\/strong><\/p>\n<p>La Actividad se considera una promoci\u00f3n en t\u00e9rminos del art\u00edculo 46 la Ley Federal de Protecci\u00f3n al Consumidor, por lo que la Procuradur\u00eda Federal de Protecci\u00f3n al Consumidor, \u201cPROFECO\u201d ser\u00e1 competente en sede administrativa para resolver cualquier controversia que surja con motivo de la interpretaci\u00f3n o ejecuci\u00f3n de la Actividad.&nbsp;<\/p>\n<p>Cualquier controversia que surja con motivo de la Actividad y que no sea resuelta por la PROFECO, ser\u00e1 resuelta por los tribunales competentes de la Ciudad de Guadalajara, Jalisco, por lo que el Usuario acepta someterse a la jurisdicci\u00f3n de los tribunales competentes de dicha ciudad y renuncian a cualquier otro fuero que pudiera corresponderles por su domicilio presente o futuro.<\/p>\n<p><strong>Contacto<\/strong><\/p>\n<p>Para cualquier duda, aclaraci\u00f3n o reclamaci\u00f3n relacionada con la Promoci\u00f3n, el Usuario podr\u00e1 comunicarse al correo electr\u00f3nico: contacto@crantzandstern.com<\/p>\n<p>\u00daltima actualizaci\u00f3n: Oct 2025.<\/p>\n<p><\/p>\n<p><\/p>\n<p><\/p>\t\t\t\t\t\t\t\t<\/div>\n\t\t\t\t<\/div>\n\t\t\t\t\t<\/div>\n\t\t\t\t<\/div>\n\t\t\t\t<\/div>\n\t\t","protected":false},"excerpt":{"rendered":"<p>T\u00c9RMINOS Y CONDICIONES DE LA PROMOCI\u00d3N \u201cNEGRONI COINS\u201d Nombre y Responsable de la Promoci\u00f3n La presente promoci\u00f3n se denomina \u201cNegroni Coins\u201d (en adelante, la \u201cPromoci\u00f3n\u201d), organizada por Campari M\u00e9xico, S.A. de C.V. (\u201cCampari\u201d). La operaci\u00f3n diaria de la plataforma digital y la gesti\u00f3n t\u00e9cnica de la Promoci\u00f3n estar\u00e1 a cargo de Crantz &amp; Stern (en [&hellip;]<\/p>\n","protected":false},"author":1,"featured_media":0,"parent":0,"menu_order":0,"comment_status":"closed","ping_status":"closed","template":"elementor_header_footer","meta":{"footnotes":""},"class_list":["post-1873","page","type-page","status-publish","hentry"],"_links":{"self":[{"href":"https:\/\/camparimx.com\/negroniweek\/wp-json\/wp\/v2\/pages\/1873","targetHints":{"allow":["GET"]}}],"collection":[{"href":"https:\/\/camparimx.com\/negroniweek\/wp-json\/wp\/v2\/pages"}],"about":[{"href":"https:\/\/camparimx.com\/negroniweek\/wp-json\/wp\/v2\/types\/page"}],"author":[{"embeddable":true,"href":"https:\/\/camparimx.com\/negroniweek\/wp-json\/wp\/v2\/users\/1"}],"replies":[{"embeddable":true,"href":"https:\/\/camparimx.com\/negroniweek\/wp-json\/wp\/v2\/comments?post=1873"}],"version-history":[{"count":7,"href":"https:\/\/camparimx.com\/negroniweek\/wp-json\/wp\/v2\/pages\/1873\/revisions"}],"predecessor-version":[{"id":2668,"href":"https:\/\/camparimx.com\/negroniweek\/wp-json\/wp\/v2\/pages\/1873\/revisions\/2668"}],"wp:attachment":[{"href":"https:\/\/camparimx.com\/negroniweek\/wp-json\/wp\/v2\/media?parent=1873"}],"curies":[{"name":"wp","href":"https:\/\/api.w.org\/{rel}","templated":true}]}}